{"id":280,"date":"2021-12-14T10:47:40","date_gmt":"2021-12-14T09:47:40","guid":{"rendered":"https:\/\/www.reklameskolen.no\/?page_id=280"},"modified":"2022-05-20T08:23:28","modified_gmt":"2022-05-20T06:23:28","slug":"hva-er-reklame-del-2","status":"publish","type":"page","link":"https:\/\/www.reklameskolen.no\/nn\/reklamen-og-oss\/hva-er-reklame\/hva-er-reklame-del-2\/","title":{"rendered":"Kva er reklame? Del 2"},"content":{"rendered":"\n<div class=\"wp-block-columns is-layout-flex wp-container-core-columns-is-layout-9d6595d7 wp-block-columns-is-layout-flex\">\n<div class=\"wp-block-column is-layout-flow wp-block-column-is-layout-flow\" style=\"flex-basis:33.33%\">\n<h1 class=\"wp-block-heading\" id=\"hva-er-reklame-fortsatt\">Kjenner du igjen reklamen?<\/h1>\n<\/div>\n\n\n\n<div class=\"wp-block-column is-layout-flow wp-block-column-is-layout-flow\" style=\"flex-basis:66.66%\">\n<h3 class=\"wp-block-heading\" id=\"na-som-du-vet-hva-reklame-er-burde-det-vaere-en-smal-sak-a-kjenne-den-igjen-eller\">N\u00e5 som du veit kva reklame er, burde det vere ei smal sak \u00e5 kjenne han igjen. Eller?<\/h3>\n\n\n\n<p class=\"has-medium-font-size\">I f\u00f8rre del l\u00e6rte du om kva reklame er. No skal vi sj\u00e5 n\u00e6rare p\u00e5 nokre eksempel p\u00e5 korleis reklame kan sj\u00e5 ut. <\/p>\n\n\n\n<p class=\"has-medium-font-size\">Sj\u00f8lv om reklame stort sett har det same m\u00e5let, treng ikkje all reklame sj\u00e5 lik ut. Tvert i mot! Det finst tallause former for reklame: Reklamefilm, plakatar, banner, radioreklame, tilbodsaviser og reklameinnlegg i sosiale medium er berre nokre av dei. <\/p>\n\n\n\n<p class=\"has-medium-font-size\">Reklame kjem alts\u00e5 i alle moglege former. Det er slett ikkje alltid like lett \u00e5 kjenne igjen reklame, sj\u00f8lv om du ser han f\u00f8re deg.<\/p>\n<\/div>\n<\/div>\n\n\n\n<div style=\"height:100px\" aria-hidden=\"true\" class=\"wp-block-spacer\"><\/div>\n\n\n\n<div class=\"wp-block-group\"><div class=\"wp-block-group__inner-container is-layout-flow wp-block-group-is-layout-flow\">\n<div class=\"wp-block-group is-style-questions\"><div class=\"wp-block-group__inner-container is-layout-flow wp-block-group-is-layout-flow\">\n<h2 class=\"wp-block-heading\" id=\"tittel-for-oppgave-1\">Merk reklamen!<\/h2>\n\n\n<div class=\"h5p-iframe-wrapper\"><iframe id=\"h5p-iframe-52\" class=\"h5p-iframe\" data-content-id=\"52\" style=\"height:1px\" src=\"about:blank\" frameBorder=\"0\" scrolling=\"no\" title=\"Nynorsk - Den usynlege reklamen\"><\/iframe><\/div>\n<\/div><\/div>\n<\/div><\/div>\n\n\n\n<div style=\"height:100px\" aria-hidden=\"true\" class=\"wp-block-spacer\"><\/div>\n\n\n\n<div class=\"wp-block-group alignfull has-palette-color-4-background-color has-background\"><div class=\"wp-block-group__inner-container is-layout-flow wp-block-group-is-layout-flow\">\n<div class=\"wp-block-columns is-layout-flex wp-container-core-columns-is-layout-9d6595d7 wp-block-columns-is-layout-flex\">\n<div class=\"wp-block-column is-layout-flow wp-block-column-is-layout-flow\">\n<div class=\"wp-block-buttons is-layout-flex wp-block-buttons-is-layout-flex\">\n<div class=\"wp-block-button\"><a class=\"wp-block-button__link\" href=\"https:\/\/www.reklameskolen.no\/nn\/reklamen-og-oss\/hva-er-reklame\/\">Tilbake til &#8220;Kva er reklame&#8221;<\/a><\/div>\n<\/div>\n<\/div>\n\n\n\n<div class=\"wp-block-column is-layout-flow wp-block-column-is-layout-flow\">\n<div class=\"wp-block-buttons is-horizontal is-content-justification-right is-layout-flex wp-container-core-buttons-is-layout-ae2fe186 wp-block-buttons-is-layout-flex\">\n<div class=\"wp-block-button\"><a class=\"wp-block-button__link\" href=\"https:\/\/www.reklameskolen.no\/nn\/reklamen-og-oss\/hvem-hva-hvor\/\">Vidare til &#8220;Kven, kva, kor?&#8221;<\/a><\/div>\n<\/div>\n<\/div>\n<\/div>\n<\/div><\/div>\n","protected":false},"excerpt":{"rendered":"<p>Kjenner du igjen reklamen? N\u00e5 som du veit kva reklame er, burde det vere ei smal sak \u00e5 kjenne han igjen. Eller? I f\u00f8rre del l\u00e6rte du om kva reklame er. No skal vi sj\u00e5 n\u00e6rare p\u00e5 nokre eksempel p\u00e5 korleis reklame kan sj\u00e5 ut. Sj\u00f8lv om reklame stort sett har det same m\u00e5let, treng [&hellip;]<\/p>\n","protected":false},"author":8,"featured_media":0,"parent":59,"menu_order":0,"comment_status":"closed","ping_status":"closed","template":"","meta":{"_acf_changed":false,"editor_notices":[],"footnotes":""},"class_list":["post-280","page","type-page","status-publish","hentry"],"acf":[],"yoast_head":"<!-- This site is optimized with the Yoast SEO plugin v25.9 - https:\/\/yoast.com\/wordpress\/plugins\/seo\/ -->\n<title>Kva er reklame? Del 2 - Reklameskolen - Nynorsk<\/title>\n<meta name=\"robots\" content=\"index, follow, max-snippet:-1, max-image-preview:large, max-video-preview:-1\" \/>\n<link rel=\"canonical\" href=\"https:\/\/www.reklameskolen.no\/nn\/reklamen-og-oss\/hva-er-reklame\/hva-er-reklame-del-2\/\" \/>\n<meta property=\"og:locale\" content=\"nn_NO\" \/>\n<meta property=\"og:type\" content=\"article\" \/>\n<meta property=\"og:title\" content=\"Kva er reklame? Del 2 - Reklameskolen - Nynorsk\" \/>\n<meta property=\"og:description\" content=\"Kjenner du igjen reklamen? N\u00e5 som du veit kva reklame er, burde det vere ei smal sak \u00e5 kjenne han igjen. Eller? I f\u00f8rre del l\u00e6rte du om kva reklame er. No skal vi sj\u00e5 n\u00e6rare p\u00e5 nokre eksempel p\u00e5 korleis reklame kan sj\u00e5 ut. Sj\u00f8lv om reklame stort sett har det same m\u00e5let, treng [&hellip;]\" \/>\n<meta property=\"og:url\" content=\"https:\/\/www.reklameskolen.no\/nn\/reklamen-og-oss\/hva-er-reklame\/hva-er-reklame-del-2\/\" \/>\n<meta property=\"og:site_name\" content=\"Reklameskolen - Nynorsk\" \/>\n<meta property=\"article:modified_time\" content=\"2022-05-20T06:23:28+00:00\" \/>\n<meta name=\"twitter:card\" content=\"summary_large_image\" \/>\n<meta name=\"twitter:label1\" content=\"Est. reading time\" \/>\n\t<meta name=\"twitter:data1\" content=\"1 minute\" \/>\n<script type=\"application\/ld+json\" class=\"yoast-schema-graph\">{\"@context\":\"https:\/\/schema.org\",\"@graph\":[{\"@type\":\"WebPage\",\"@id\":\"https:\/\/www.reklameskolen.no\/nn\/reklamen-og-oss\/hva-er-reklame\/hva-er-reklame-del-2\/\",\"url\":\"https:\/\/www.reklameskolen.no\/nn\/reklamen-og-oss\/hva-er-reklame\/hva-er-reklame-del-2\/\",\"name\":\"Kva er reklame? Del 2 - Reklameskolen - Nynorsk\",\"isPartOf\":{\"@id\":\"https:\/\/www.reklameskolen.no\/nn\/#website\"},\"datePublished\":\"2021-12-14T09:47:40+00:00\",\"dateModified\":\"2022-05-20T06:23:28+00:00\",\"breadcrumb\":{\"@id\":\"https:\/\/www.reklameskolen.no\/nn\/reklamen-og-oss\/hva-er-reklame\/hva-er-reklame-del-2\/#breadcrumb\"},\"inLanguage\":\"nn-NO\",\"potentialAction\":[{\"@type\":\"ReadAction\",\"target\":[\"https:\/\/www.reklameskolen.no\/nn\/reklamen-og-oss\/hva-er-reklame\/hva-er-reklame-del-2\/\"]}]},{\"@type\":\"BreadcrumbList\",\"@id\":\"https:\/\/www.reklameskolen.no\/nn\/reklamen-og-oss\/hva-er-reklame\/hva-er-reklame-del-2\/#breadcrumb\",\"itemListElement\":[{\"@type\":\"ListItem\",\"position\":1,\"name\":\"Home\",\"item\":\"https:\/\/www.reklameskolen.no\/nn\/\"},{\"@type\":\"ListItem\",\"position\":2,\"name\":\"Reklamen og oss\",\"item\":\"https:\/\/www.reklameskolen.no\/nn\/reklamen-og-oss\/\"},{\"@type\":\"ListItem\",\"position\":3,\"name\":\"Kva er reklame?\",\"item\":\"https:\/\/www.reklameskolen.no\/nn\/reklamen-og-oss\/hva-er-reklame\/\"},{\"@type\":\"ListItem\",\"position\":4,\"name\":\"Kva er reklame? Del 2\"}]},{\"@type\":\"WebSite\",\"@id\":\"https:\/\/www.reklameskolen.no\/nn\/#website\",\"url\":\"https:\/\/www.reklameskolen.no\/nn\/\",\"name\":\"Reklameskolen - Nynorsk\",\"description\":\"Oppl\u00e6ringsverkt\u00f8y om reklame\",\"publisher\":{\"@id\":\"https:\/\/www.reklameskolen.no\/nn\/#organization\"},\"potentialAction\":[{\"@type\":\"SearchAction\",\"target\":{\"@type\":\"EntryPoint\",\"urlTemplate\":\"https:\/\/www.reklameskolen.no\/nn\/?s={search_term_string}\"},\"query-input\":{\"@type\":\"PropertyValueSpecification\",\"valueRequired\":true,\"valueName\":\"search_term_string\"}}],\"inLanguage\":\"nn-NO\"},{\"@type\":\"Organization\",\"@id\":\"https:\/\/www.reklameskolen.no\/nn\/#organization\",\"name\":\"Reklameskolen\",\"url\":\"https:\/\/www.reklameskolen.no\/nn\/\",\"logo\":{\"@type\":\"ImageObject\",\"inLanguage\":\"nn-NO\",\"@id\":\"https:\/\/www.reklameskolen.no\/nn\/#\/schema\/logo\/image\/\",\"url\":\"https:\/\/www.reklameskolen.no\/wp-content\/uploads\/2024\/10\/Reklameskolen-Logo-01.png\",\"contentUrl\":\"https:\/\/www.reklameskolen.no\/wp-content\/uploads\/2024\/10\/Reklameskolen-Logo-01.png\",\"width\":2571,\"height\":950,\"caption\":\"Reklameskolen\"},\"image\":{\"@id\":\"https:\/\/www.reklameskolen.no\/nn\/#\/schema\/logo\/image\/\"}}]}<\/script>\n<!-- \/ Yoast SEO plugin. -->","yoast_head_json":{"title":"Kva er reklame? Del 2 - Reklameskolen - Nynorsk","robots":{"index":"index","follow":"follow","max-snippet":"max-snippet:-1","max-image-preview":"max-image-preview:large","max-video-preview":"max-video-preview:-1"},"canonical":"https:\/\/www.reklameskolen.no\/nn\/reklamen-og-oss\/hva-er-reklame\/hva-er-reklame-del-2\/","og_locale":"nn_NO","og_type":"article","og_title":"Kva er reklame? Del 2 - Reklameskolen - Nynorsk","og_description":"Kjenner du igjen reklamen? N\u00e5 som du veit kva reklame er, burde det vere ei smal sak \u00e5 kjenne han igjen. Eller? I f\u00f8rre del l\u00e6rte du om kva reklame er. No skal vi sj\u00e5 n\u00e6rare p\u00e5 nokre eksempel p\u00e5 korleis reklame kan sj\u00e5 ut. Sj\u00f8lv om reklame stort sett har det same m\u00e5let, treng [&hellip;]","og_url":"https:\/\/www.reklameskolen.no\/nn\/reklamen-og-oss\/hva-er-reklame\/hva-er-reklame-del-2\/","og_site_name":"Reklameskolen - Nynorsk","article_modified_time":"2022-05-20T06:23:28+00:00","twitter_card":"summary_large_image","twitter_misc":{"Est. reading time":"1 minute"},"schema":{"@context":"https:\/\/schema.org","@graph":[{"@type":"WebPage","@id":"https:\/\/www.reklameskolen.no\/nn\/reklamen-og-oss\/hva-er-reklame\/hva-er-reklame-del-2\/","url":"https:\/\/www.reklameskolen.no\/nn\/reklamen-og-oss\/hva-er-reklame\/hva-er-reklame-del-2\/","name":"Kva er reklame? Del 2 - Reklameskolen - Nynorsk","isPartOf":{"@id":"https:\/\/www.reklameskolen.no\/nn\/#website"},"datePublished":"2021-12-14T09:47:40+00:00","dateModified":"2022-05-20T06:23:28+00:00","breadcrumb":{"@id":"https:\/\/www.reklameskolen.no\/nn\/reklamen-og-oss\/hva-er-reklame\/hva-er-reklame-del-2\/#breadcrumb"},"inLanguage":"nn-NO","potentialAction":[{"@type":"ReadAction","target":["https:\/\/www.reklameskolen.no\/nn\/reklamen-og-oss\/hva-er-reklame\/hva-er-reklame-del-2\/"]}]},{"@type":"BreadcrumbList","@id":"https:\/\/www.reklameskolen.no\/nn\/reklamen-og-oss\/hva-er-reklame\/hva-er-reklame-del-2\/#breadcrumb","itemListElement":[{"@type":"ListItem","position":1,"name":"Home","item":"https:\/\/www.reklameskolen.no\/nn\/"},{"@type":"ListItem","position":2,"name":"Reklamen og oss","item":"https:\/\/www.reklameskolen.no\/nn\/reklamen-og-oss\/"},{"@type":"ListItem","position":3,"name":"Kva er reklame?","item":"https:\/\/www.reklameskolen.no\/nn\/reklamen-og-oss\/hva-er-reklame\/"},{"@type":"ListItem","position":4,"name":"Kva er reklame? Del 2"}]},{"@type":"WebSite","@id":"https:\/\/www.reklameskolen.no\/nn\/#website","url":"https:\/\/www.reklameskolen.no\/nn\/","name":"Reklameskolen - Nynorsk","description":"Oppl\u00e6ringsverkt\u00f8y om reklame","publisher":{"@id":"https:\/\/www.reklameskolen.no\/nn\/#organization"},"potentialAction":[{"@type":"SearchAction","target":{"@type":"EntryPoint","urlTemplate":"https:\/\/www.reklameskolen.no\/nn\/?s={search_term_string}"},"query-input":{"@type":"PropertyValueSpecification","valueRequired":true,"valueName":"search_term_string"}}],"inLanguage":"nn-NO"},{"@type":"Organization","@id":"https:\/\/www.reklameskolen.no\/nn\/#organization","name":"Reklameskolen","url":"https:\/\/www.reklameskolen.no\/nn\/","logo":{"@type":"ImageObject","inLanguage":"nn-NO","@id":"https:\/\/www.reklameskolen.no\/nn\/#\/schema\/logo\/image\/","url":"https:\/\/www.reklameskolen.no\/wp-content\/uploads\/2024\/10\/Reklameskolen-Logo-01.png","contentUrl":"https:\/\/www.reklameskolen.no\/wp-content\/uploads\/2024\/10\/Reklameskolen-Logo-01.png","width":2571,"height":950,"caption":"Reklameskolen"},"image":{"@id":"https:\/\/www.reklameskolen.no\/nn\/#\/schema\/logo\/image\/"}}]}},"_links":{"self":[{"href":"https:\/\/www.reklameskolen.no\/nn\/wp-json\/wp\/v2\/pages\/280","targetHints":{"allow":["GET"]}}],"collection":[{"href":"https:\/\/www.reklameskolen.no\/nn\/wp-json\/wp\/v2\/pages"}],"about":[{"href":"https:\/\/www.reklameskolen.no\/nn\/wp-json\/wp\/v2\/types\/page"}],"author":[{"embeddable":true,"href":"https:\/\/www.reklameskolen.no\/nn\/wp-json\/wp\/v2\/users\/8"}],"replies":[{"embeddable":true,"href":"https:\/\/www.reklameskolen.no\/nn\/wp-json\/wp\/v2\/comments?post=280"}],"version-history":[{"count":67,"href":"https:\/\/www.reklameskolen.no\/nn\/wp-json\/wp\/v2\/pages\/280\/revisions"}],"predecessor-version":[{"id":3461,"href":"https:\/\/www.reklameskolen.no\/nn\/wp-json\/wp\/v2\/pages\/280\/revisions\/3461"}],"up":[{"embeddable":true,"href":"https:\/\/www.reklameskolen.no\/nn\/wp-json\/wp\/v2\/pages\/59"}],"wp:attachment":[{"href":"https:\/\/www.reklameskolen.no\/nn\/wp-json\/wp\/v2\/media?parent=280"}],"curies":[{"name":"wp","href":"https:\/\/api.w.org\/{rel}","templated":true}]}}