{"id":171,"date":"2021-12-09T08:58:11","date_gmt":"2021-12-09T07:58:11","guid":{"rendered":"https:\/\/www.reklameskolen.no\/?page_id=171"},"modified":"2022-05-12T21:49:18","modified_gmt":"2022-05-12T19:49:18","slug":"direktemarkedsforing","status":"publish","type":"page","link":"https:\/\/www.reklameskolen.no\/nn\/andre-temaer\/direktemarkedsforing\/","title":{"rendered":"Direktemarknadsf\u00f8ring"},"content":{"rendered":"\n<div class=\"wp-block-cover alignfull is-light\" style=\"min-height:365px;aspect-ratio:unset;\"><span aria-hidden=\"true\" class=\"has-background-dim-0 wp-block-cover__gradient-background has-background-dim\"><\/span><img loading=\"lazy\" decoding=\"async\" width=\"2560\" height=\"1707\" class=\"wp-block-cover__image-background wp-image-871\" alt=\"Bilde viser et bord med flere pc-er og mobiler\" src=\"https:\/\/www.reklameskolen.no\/wp-content\/uploads\/sites\/4\/2022\/02\/marvin-meyer-SYTO3xs06fU-unsplash-1-scaled.jpg\" style=\"object-position:86% 84%\" data-object-fit=\"cover\" data-object-position=\"86% 84%\" srcset=\"https:\/\/www.reklameskolen.no\/nn\/files\/2022\/02\/marvin-meyer-SYTO3xs06fU-unsplash-1-scaled.jpg 2560w, https:\/\/www.reklameskolen.no\/nn\/files\/2022\/02\/marvin-meyer-SYTO3xs06fU-unsplash-1-300x200.jpg 300w, https:\/\/www.reklameskolen.no\/nn\/files\/2022\/02\/marvin-meyer-SYTO3xs06fU-unsplash-1-1024x683.jpg 1024w, https:\/\/www.reklameskolen.no\/nn\/files\/2022\/02\/marvin-meyer-SYTO3xs06fU-unsplash-1-768x512.jpg 768w, https:\/\/www.reklameskolen.no\/nn\/files\/2022\/02\/marvin-meyer-SYTO3xs06fU-unsplash-1-1536x1024.jpg 1536w, https:\/\/www.reklameskolen.no\/nn\/files\/2022\/02\/marvin-meyer-SYTO3xs06fU-unsplash-1-2048x1365.jpg 2048w, https:\/\/www.reklameskolen.no\/nn\/files\/2022\/02\/marvin-meyer-SYTO3xs06fU-unsplash-1-150x100.jpg 150w\" sizes=\"auto, (max-width: 2560px) 100vw, 2560px\" \/><div class=\"wp-block-cover__inner-container is-layout-flow wp-block-cover-is-layout-flow\">\n<p class=\"has-text-align-center has-large-font-size\"><\/p>\n<\/div><\/div>\n\n\n\n<h2 class=\"wp-block-heading\" id=\"direktemarkedsforing-telefonsalg-reklame-i-posten-e-post-og-sms\">Direktemarknadsf\u00f8ring \u2013 Telefonsal, reklame i posten, e-post og SMS<\/h2>\n\n\n\n<p>Du har kanskje henta posten heime og oppdaga at postkassa er full av reklame, eller opplevd at det har ringt telefonseljarar til foreldra dine. Denne type marknadsf\u00f8ring blir kalla \u00abdirektemarknadsf\u00f8ring\u00bb. Det vil seie at seljarar tek direkte kontakt med s\u00e5 mange som mogleg for \u00e5 fors\u00f8kje \u00e5 selje varene sine. Dette kan for eksempel gjerast via telefonsal, reklame i postkassa eller at dei sender deg ein e-post eller SMS med ulike tilbod. <\/p>\n\n\n\n<p>Det er strenge reglar for n\u00e5r og korleis seljarar kan ta kontakt med deg. Du har \u00f2g moglegheit til \u00e5 reservere deg mot slik reklame. <\/p>\n\n\n\n<div style=\"height:42px\" aria-hidden=\"true\" class=\"wp-block-spacer\"><\/div>\n\n\n\n<h3 class=\"has-medium-font-size wp-block-heading\" id=\"telefonsalg-1\" style=\"font-style:normal;font-weight:700;text-transform:capitalize\"><strong>Telefonsal<\/strong><\/h3>\n\n\n\n<div class=\"wp-block-columns is-layout-flex wp-container-core-columns-is-layout-9d6595d7 wp-block-columns-is-layout-flex\">\n<div class=\"wp-block-column is-layout-flow wp-block-column-is-layout-flow\" style=\"flex-basis:33.33%\">\n<figure class=\"wp-block-image size-large is-resized\"><img loading=\"lazy\" decoding=\"async\" src=\"https:\/\/www.reklameskolen.no\/wp-content\/uploads\/sites\/4\/2022\/02\/patricia-zavala-DAA6PTVYKz4-unsplash-1024x757.jpg\" alt=\"Bilde viser en dame som snakker i telefonen.\" class=\"wp-image-874\" width=\"260\" height=\"192\" srcset=\"https:\/\/www.reklameskolen.no\/nn\/files\/2022\/02\/patricia-zavala-DAA6PTVYKz4-unsplash-1024x757.jpg 1024w, https:\/\/www.reklameskolen.no\/nn\/files\/2022\/02\/patricia-zavala-DAA6PTVYKz4-unsplash-300x222.jpg 300w, https:\/\/www.reklameskolen.no\/nn\/files\/2022\/02\/patricia-zavala-DAA6PTVYKz4-unsplash-768x567.jpg 768w, https:\/\/www.reklameskolen.no\/nn\/files\/2022\/02\/patricia-zavala-DAA6PTVYKz4-unsplash-1536x1135.jpg 1536w, https:\/\/www.reklameskolen.no\/nn\/files\/2022\/02\/patricia-zavala-DAA6PTVYKz4-unsplash-2048x1513.jpg 2048w, https:\/\/www.reklameskolen.no\/nn\/files\/2022\/02\/patricia-zavala-DAA6PTVYKz4-unsplash-150x111.jpg 150w\" sizes=\"auto, (max-width: 260px) 100vw, 260px\" \/><figcaption>Alle n\u00e6ringsdrivande er forplikta til \u00e5 sjekke namn og telefonnummer opp mot Reservasjonsregisteret f\u00f8r dei ringjer<\/figcaption><\/figure>\n\n\n\n<div class=\"wp-block-group is-style-tableofcontent\"><div class=\"wp-block-group__inner-container is-layout-flow wp-block-group-is-layout-flow\">\n<p><\/p>\n<\/div><\/div>\n<\/div>\n\n\n\n<div class=\"wp-block-column is-layout-flow wp-block-column-is-layout-flow\" style=\"flex-basis:66.66%\">\n<p>Du hugsar kanskje forbodet mot direkte kj\u00f8psoppfordringar til mindre\u00e5rige? Dette er heller ikkje tillate over telefon. Telefonseljarar skal derfor ikkje ringe til deg under 18 \u00e5r for \u00e5 f\u00e5 deg til \u00e5 kj\u00f8pe produkt eller tenester. Forbrukarar som vil unng\u00e5 \u00e5 bli ringt opp av telefonseljarar kan reservere seg mot dette i noko som heiter Reservasjonsregisteret.<\/p>\n\n\n\n<p>Telefonseljarar har ikkje lov til \u00e5 ringe forbrukarar som har reservert seg i Reservasjonsregisteret. Ein n\u00e6ringsdrivande har likevel lov til \u00e5 ringe forbrukarar som har bedt om \u00e5 bli ringt opp eller som dei har eit kundeforhold til. &nbsp;<br>&nbsp;<br>Det er \u00f2g mogleg \u00e5 reservere seg direkte hos seljaren som tek kontakt<\/p>\n<\/div>\n<\/div>\n\n\n\n<div style=\"height:48px\" aria-hidden=\"true\" class=\"wp-block-spacer\"><\/div>\n\n\n\n<h2 class=\"has-medium-font-size wp-block-heading\" id=\"reklame-i-postkassa\"><strong>Uadressert reklame<\/strong><\/h2>\n\n\n\n<div class=\"wp-block-columns is-layout-flex wp-container-core-columns-is-layout-9d6595d7 wp-block-columns-is-layout-flex\">\n<div class=\"wp-block-column is-layout-flow wp-block-column-is-layout-flow\">\n<p>Vi skil mellom to ulike typar reklame som blir sendt i posten. &nbsp;<br>&nbsp;<br>Det eine er <em>uadressert reklame<\/em>, for eksempel reklame fr\u00e5 matbutikken eller andre liknande butikkar. Dette er reklame som blir levert ut til alle postkasser i eit bestemt omr\u00e5de, og som ikkje er adressert til nokon spesielle. &nbsp;&nbsp;<\/p>\n\n\n\n<p>Dersom ein ikkje \u00f8nsker \u00e5 ta imot slik reklame, kan ein klistre ein lapp p\u00e5 postkassa kor det st\u00e5r \u00abNei takk til reklame\u00bb. Det er mogleg \u00e5 bruke b\u00e5de heimelaga lappar og ferdiglaga lappar. Dei som leverer ut reklamen m\u00e5 d\u00e5 respektere dette. Dersom ein likevel mottek slik reklame, trass i lappen, kan ein ta direkte kontakt med dei som leverer reklamen.<\/p>\n\n\n\n<h2 class=\"has-medium-font-size wp-block-heading\"><strong>Adressert reklame<\/strong><\/h2>\n\n\n\n<p>Den andre typen reklame som blir sendt i posten er det som ofte blir kalla <em>adressert reklame<\/em>. Slik reklame kan sj\u00e5 ut som eit vanleg brev som er sendt til deg med namnet ditt og adressa di, eller det kan vere reklamekatalogar som er sende til deg i namnet ditt. &nbsp;<\/p>\n\n\n\n<p>Sidan postbodet ikkje kan vite om brevet inneheld reklame, eller om du har bestilt katalogen, vil ikkje merket \u00abNei takk til reklame\u00bb hjelpe mot dette. For \u00e5 unng\u00e5 \u00e5 ta imot adressert reklame, m\u00e5 ein reservere seg mot dette hos Reservasjonsregisteret. <br>&nbsp;<br>Sj\u00f8lv om ein har reservert seg mot adressert reklame i Reservasjonsregisteret har ein n\u00e6ringsdrivande likevel lov til \u00e5 sende reklame dersom ein har eit kundeforhold til den n\u00e6ringsdrivande. &nbsp;<br>&nbsp;<br>Det er \u00f2g mogleg \u00e5 reservere seg direkte hos han som sender ut slik reklame.<\/p>\n<\/div>\n\n\n\n<div class=\"wp-block-column is-layout-flow wp-block-column-is-layout-flow\">\n<figure class=\"wp-block-image size-large\"><img loading=\"lazy\" decoding=\"async\" width=\"890\" height=\"1024\" src=\"https:\/\/www.reklameskolen.no\/wp-content\/uploads\/sites\/4\/2022\/02\/jac-alexandru-L0Wdk52FAmM-unsplash-890x1024.jpg\" alt=\"Bilde viser mange postkasser.\" class=\"wp-image-876\" srcset=\"https:\/\/www.reklameskolen.no\/nn\/files\/2022\/02\/jac-alexandru-L0Wdk52FAmM-unsplash-890x1024.jpg 890w, https:\/\/www.reklameskolen.no\/nn\/files\/2022\/02\/jac-alexandru-L0Wdk52FAmM-unsplash-261x300.jpg 261w, https:\/\/www.reklameskolen.no\/nn\/files\/2022\/02\/jac-alexandru-L0Wdk52FAmM-unsplash-768x883.jpg 768w, https:\/\/www.reklameskolen.no\/nn\/files\/2022\/02\/jac-alexandru-L0Wdk52FAmM-unsplash-1335x1536.jpg 1335w, https:\/\/www.reklameskolen.no\/nn\/files\/2022\/02\/jac-alexandru-L0Wdk52FAmM-unsplash-1780x2048.jpg 1780w, https:\/\/www.reklameskolen.no\/nn\/files\/2022\/02\/jac-alexandru-L0Wdk52FAmM-unsplash-150x173.jpg 150w\" sizes=\"auto, (max-width: 890px) 100vw, 890px\" \/><\/figure>\n<\/div>\n<\/div>\n\n\n\n<div style=\"height:100px\" aria-hidden=\"true\" class=\"wp-block-spacer\"><\/div>\n\n\n\n<h2 class=\"has-medium-font-size wp-block-heading\" id=\"e-post-og-sms\"><strong>E-post og SMS<\/strong><\/h2>\n\n\n\n<div class=\"wp-block-group\"><div class=\"wp-block-group__inner-container is-layout-flow wp-block-group-is-layout-flow\">\n<div class=\"wp-block-columns is-layout-flex wp-container-core-columns-is-layout-9d6595d7 wp-block-columns-is-layout-flex\">\n<div class=\"wp-block-column is-layout-flow wp-block-column-is-layout-flow\" style=\"flex-basis:66.66%\">\n<p>Ein n\u00e6ringsdrivande har ikkje lov til \u00e5 sende deg reklame p\u00e5 e-post eller SMS utan at du p\u00e5 f\u00f8rehand har godteke \u00e5 ta imot slik reklame.  Er du under 15 \u00e5r, er det foreldra dine som m\u00e5 godta at du skal ta imot reklame p\u00e5 e-post og SMS. <\/p>\n\n\n\n<p>Dersom du allereie har kj\u00f8pt varer fr\u00e5 den n\u00e6ringsdrivande tidlegare, kan seljaren i enkelte tilfelle likevel sende deg reklame p\u00e5 SMS og e-post. Du skal likevel ha f\u00e5tt beskjed om at seljaren vil sende deg slik reklame, og du skal ha f\u00e5tt moglegheit til \u00e5 seie nei til reklamen. &nbsp;<\/p>\n\n\n\n<p id=\"e-post-og-sms-1\">&nbsp;<\/p>\n<\/div>\n\n\n\n<div class=\"wp-block-column is-layout-flow wp-block-column-is-layout-flow\" style=\"flex-basis:33.33%\">\n<figure class=\"wp-block-image size-large\"><img decoding=\"async\" src=\"https:\/\/www.reklameskolen.no\/nn\/wp-content\/uploads\/2022\/04\/SMS-IDa-1024x561.png\" alt=\"Illustrasjonen viser en tekstmelding hvor det st\u00e5r &quot;SLUTTSALG i butikk! N\u00e5 50% p\u00e5 ALT! Gjelder kun i butikk! Kan ikke kombineres med andre tilbud.&quot;\" class=\"wp-image-3108\"\/><figcaption>Det er forbode \u00e5 sende marknadsf\u00f8ring p\u00e5 e-post og SMS til forbrukarar utan samtykke<\/figcaption><\/figure>\n<\/div>\n<\/div>\n<\/div><\/div>\n\n\n\n<div class=\"wp-block-group alignfull has-palette-color-4-background-color has-background\"><div class=\"wp-block-group__inner-container is-layout-flow wp-block-group-is-layout-flow\">\n<div class=\"wp-block-columns is-layout-flex wp-container-core-columns-is-layout-9d6595d7 wp-block-columns-is-layout-flex\">\n<div class=\"wp-block-column is-layout-flow wp-block-column-is-layout-flow\">\n<div class=\"wp-block-buttons is-layout-flex wp-block-buttons-is-layout-flex\">\n<div class=\"wp-block-button\"><a class=\"wp-block-button__link\" href=\"https:\/\/www.reklameskolen.no\/nn\/andre-temaer\/okonomi\/\">Tilbake til &#8220;\u00d8konomi&#8221;<\/a><\/div>\n<\/div>\n<\/div>\n\n\n\n<div class=\"wp-block-column is-layout-flow wp-block-column-is-layout-flow\">\n<div class=\"wp-block-buttons is-horizontal is-content-justification-right is-layout-flex wp-container-core-buttons-is-layout-ae2fe186 wp-block-buttons-is-layout-flex\">\n<div class=\"wp-block-button\"><a class=\"wp-block-button__link\" href=\"https:\/\/www.reklameskolen.no\/nn\/andre-temaer\/personvern\/\">Vidare til &#8220;Personvern&#8221;<\/a><\/div>\n<\/div>\n<\/div>\n<\/div>\n<\/div><\/div>\n\n\n\n<p><\/p>\n","protected":false},"excerpt":{"rendered":"<p>Direktemarknadsf\u00f8ring \u2013 Telefonsal, reklame i posten, e-post og SMS Du har kanskje henta posten heime og oppdaga at postkassa er full av reklame, eller opplevd at det har ringt telefonseljarar til foreldra dine. Denne type marknadsf\u00f8ring blir kalla \u00abdirektemarknadsf\u00f8ring\u00bb. Det vil seie at seljarar tek direkte kontakt med s\u00e5 mange som mogleg for \u00e5 fors\u00f8kje [&hellip;]<\/p>\n","protected":false},"author":1,"featured_media":0,"parent":111,"menu_order":4,"comment_status":"closed","ping_status":"closed","template":"","meta":{"_acf_changed":false,"editor_notices":[],"footnotes":""},"class_list":["post-171","page","type-page","status-publish","hentry"],"acf":[],"yoast_head":"<!-- This site is optimized with the Yoast SEO plugin v25.9 - https:\/\/yoast.com\/wordpress\/plugins\/seo\/ -->\n<title>Direktemarknadsf\u00f8ring - Reklameskolen - Nynorsk<\/title>\n<meta name=\"robots\" content=\"index, follow, max-snippet:-1, max-image-preview:large, max-video-preview:-1\" \/>\n<link rel=\"canonical\" href=\"https:\/\/www.reklameskolen.no\/nn\/andre-temaer\/direktemarkedsforing\/\" \/>\n<meta property=\"og:locale\" content=\"nn_NO\" \/>\n<meta property=\"og:type\" content=\"article\" \/>\n<meta property=\"og:title\" content=\"Direktemarknadsf\u00f8ring - Reklameskolen - Nynorsk\" \/>\n<meta property=\"og:description\" content=\"Direktemarknadsf\u00f8ring \u2013 Telefonsal, reklame i posten, e-post og SMS Du har kanskje henta posten heime og oppdaga at postkassa er full av reklame, eller opplevd at det har ringt telefonseljarar til foreldra dine. Denne type marknadsf\u00f8ring blir kalla \u00abdirektemarknadsf\u00f8ring\u00bb. Det vil seie at seljarar tek direkte kontakt med s\u00e5 mange som mogleg for \u00e5 fors\u00f8kje [&hellip;]\" \/>\n<meta property=\"og:url\" content=\"https:\/\/www.reklameskolen.no\/nn\/andre-temaer\/direktemarkedsforing\/\" \/>\n<meta property=\"og:site_name\" content=\"Reklameskolen - Nynorsk\" \/>\n<meta property=\"article:modified_time\" content=\"2022-05-12T19:49:18+00:00\" \/>\n<meta property=\"og:image\" content=\"https:\/\/www.reklameskolen.no\/wp-content\/uploads\/sites\/4\/2022\/02\/marvin-meyer-SYTO3xs06fU-unsplash-1-scaled.jpg\" \/>\n<meta name=\"twitter:card\" content=\"summary_large_image\" \/>\n<meta name=\"twitter:label1\" content=\"Est. reading time\" \/>\n\t<meta name=\"twitter:data1\" content=\"3 minutes\" \/>\n<script type=\"application\/ld+json\" class=\"yoast-schema-graph\">{\"@context\":\"https:\/\/schema.org\",\"@graph\":[{\"@type\":\"WebPage\",\"@id\":\"https:\/\/www.reklameskolen.no\/nn\/andre-temaer\/direktemarkedsforing\/\",\"url\":\"https:\/\/www.reklameskolen.no\/nn\/andre-temaer\/direktemarkedsforing\/\",\"name\":\"Direktemarknadsf\u00f8ring - Reklameskolen - Nynorsk\",\"isPartOf\":{\"@id\":\"https:\/\/www.reklameskolen.no\/nn\/#website\"},\"primaryImageOfPage\":{\"@id\":\"https:\/\/www.reklameskolen.no\/nn\/andre-temaer\/direktemarkedsforing\/#primaryimage\"},\"image\":{\"@id\":\"https:\/\/www.reklameskolen.no\/nn\/andre-temaer\/direktemarkedsforing\/#primaryimage\"},\"thumbnailUrl\":\"https:\/\/www.reklameskolen.no\/wp-content\/uploads\/sites\/4\/2022\/02\/marvin-meyer-SYTO3xs06fU-unsplash-1-scaled.jpg\",\"datePublished\":\"2021-12-09T07:58:11+00:00\",\"dateModified\":\"2022-05-12T19:49:18+00:00\",\"breadcrumb\":{\"@id\":\"https:\/\/www.reklameskolen.no\/nn\/andre-temaer\/direktemarkedsforing\/#breadcrumb\"},\"inLanguage\":\"nn-NO\",\"potentialAction\":[{\"@type\":\"ReadAction\",\"target\":[\"https:\/\/www.reklameskolen.no\/nn\/andre-temaer\/direktemarkedsforing\/\"]}]},{\"@type\":\"ImageObject\",\"inLanguage\":\"nn-NO\",\"@id\":\"https:\/\/www.reklameskolen.no\/nn\/andre-temaer\/direktemarkedsforing\/#primaryimage\",\"url\":\"https:\/\/www.reklameskolen.no\/wp-content\/uploads\/sites\/4\/2022\/02\/marvin-meyer-SYTO3xs06fU-unsplash-1-scaled.jpg\",\"contentUrl\":\"https:\/\/www.reklameskolen.no\/wp-content\/uploads\/sites\/4\/2022\/02\/marvin-meyer-SYTO3xs06fU-unsplash-1-scaled.jpg\"},{\"@type\":\"BreadcrumbList\",\"@id\":\"https:\/\/www.reklameskolen.no\/nn\/andre-temaer\/direktemarkedsforing\/#breadcrumb\",\"itemListElement\":[{\"@type\":\"ListItem\",\"position\":1,\"name\":\"Home\",\"item\":\"https:\/\/www.reklameskolen.no\/nn\/\"},{\"@type\":\"ListItem\",\"position\":2,\"name\":\"Andre tema\",\"item\":\"https:\/\/www.reklameskolen.no\/nn\/andre-temaer\/\"},{\"@type\":\"ListItem\",\"position\":3,\"name\":\"Direktemarknadsf\u00f8ring\"}]},{\"@type\":\"WebSite\",\"@id\":\"https:\/\/www.reklameskolen.no\/nn\/#website\",\"url\":\"https:\/\/www.reklameskolen.no\/nn\/\",\"name\":\"Reklameskolen - Nynorsk\",\"description\":\"Oppl\u00e6ringsverkt\u00f8y om reklame\",\"publisher\":{\"@id\":\"https:\/\/www.reklameskolen.no\/nn\/#organization\"},\"potentialAction\":[{\"@type\":\"SearchAction\",\"target\":{\"@type\":\"EntryPoint\",\"urlTemplate\":\"https:\/\/www.reklameskolen.no\/nn\/?s={search_term_string}\"},\"query-input\":{\"@type\":\"PropertyValueSpecification\",\"valueRequired\":true,\"valueName\":\"search_term_string\"}}],\"inLanguage\":\"nn-NO\"},{\"@type\":\"Organization\",\"@id\":\"https:\/\/www.reklameskolen.no\/nn\/#organization\",\"name\":\"Reklameskolen\",\"url\":\"https:\/\/www.reklameskolen.no\/nn\/\",\"logo\":{\"@type\":\"ImageObject\",\"inLanguage\":\"nn-NO\",\"@id\":\"https:\/\/www.reklameskolen.no\/nn\/#\/schema\/logo\/image\/\",\"url\":\"https:\/\/www.reklameskolen.no\/wp-content\/uploads\/2024\/10\/Reklameskolen-Logo-01.png\",\"contentUrl\":\"https:\/\/www.reklameskolen.no\/wp-content\/uploads\/2024\/10\/Reklameskolen-Logo-01.png\",\"width\":2571,\"height\":950,\"caption\":\"Reklameskolen\"},\"image\":{\"@id\":\"https:\/\/www.reklameskolen.no\/nn\/#\/schema\/logo\/image\/\"}}]}<\/script>\n<!-- \/ Yoast SEO plugin. -->","yoast_head_json":{"title":"Direktemarknadsf\u00f8ring - Reklameskolen - Nynorsk","robots":{"index":"index","follow":"follow","max-snippet":"max-snippet:-1","max-image-preview":"max-image-preview:large","max-video-preview":"max-video-preview:-1"},"canonical":"https:\/\/www.reklameskolen.no\/nn\/andre-temaer\/direktemarkedsforing\/","og_locale":"nn_NO","og_type":"article","og_title":"Direktemarknadsf\u00f8ring - Reklameskolen - Nynorsk","og_description":"Direktemarknadsf\u00f8ring \u2013 Telefonsal, reklame i posten, e-post og SMS Du har kanskje henta posten heime og oppdaga at postkassa er full av reklame, eller opplevd at det har ringt telefonseljarar til foreldra dine. Denne type marknadsf\u00f8ring blir kalla \u00abdirektemarknadsf\u00f8ring\u00bb. Det vil seie at seljarar tek direkte kontakt med s\u00e5 mange som mogleg for \u00e5 fors\u00f8kje [&hellip;]","og_url":"https:\/\/www.reklameskolen.no\/nn\/andre-temaer\/direktemarkedsforing\/","og_site_name":"Reklameskolen - Nynorsk","article_modified_time":"2022-05-12T19:49:18+00:00","og_image":[{"url":"https:\/\/www.reklameskolen.no\/wp-content\/uploads\/sites\/4\/2022\/02\/marvin-meyer-SYTO3xs06fU-unsplash-1-scaled.jpg","type":"","width":"","height":""}],"twitter_card":"summary_large_image","twitter_misc":{"Est. reading time":"3 minutes"},"schema":{"@context":"https:\/\/schema.org","@graph":[{"@type":"WebPage","@id":"https:\/\/www.reklameskolen.no\/nn\/andre-temaer\/direktemarkedsforing\/","url":"https:\/\/www.reklameskolen.no\/nn\/andre-temaer\/direktemarkedsforing\/","name":"Direktemarknadsf\u00f8ring - Reklameskolen - Nynorsk","isPartOf":{"@id":"https:\/\/www.reklameskolen.no\/nn\/#website"},"primaryImageOfPage":{"@id":"https:\/\/www.reklameskolen.no\/nn\/andre-temaer\/direktemarkedsforing\/#primaryimage"},"image":{"@id":"https:\/\/www.reklameskolen.no\/nn\/andre-temaer\/direktemarkedsforing\/#primaryimage"},"thumbnailUrl":"https:\/\/www.reklameskolen.no\/wp-content\/uploads\/sites\/4\/2022\/02\/marvin-meyer-SYTO3xs06fU-unsplash-1-scaled.jpg","datePublished":"2021-12-09T07:58:11+00:00","dateModified":"2022-05-12T19:49:18+00:00","breadcrumb":{"@id":"https:\/\/www.reklameskolen.no\/nn\/andre-temaer\/direktemarkedsforing\/#breadcrumb"},"inLanguage":"nn-NO","potentialAction":[{"@type":"ReadAction","target":["https:\/\/www.reklameskolen.no\/nn\/andre-temaer\/direktemarkedsforing\/"]}]},{"@type":"ImageObject","inLanguage":"nn-NO","@id":"https:\/\/www.reklameskolen.no\/nn\/andre-temaer\/direktemarkedsforing\/#primaryimage","url":"https:\/\/www.reklameskolen.no\/wp-content\/uploads\/sites\/4\/2022\/02\/marvin-meyer-SYTO3xs06fU-unsplash-1-scaled.jpg","contentUrl":"https:\/\/www.reklameskolen.no\/wp-content\/uploads\/sites\/4\/2022\/02\/marvin-meyer-SYTO3xs06fU-unsplash-1-scaled.jpg"},{"@type":"BreadcrumbList","@id":"https:\/\/www.reklameskolen.no\/nn\/andre-temaer\/direktemarkedsforing\/#breadcrumb","itemListElement":[{"@type":"ListItem","position":1,"name":"Home","item":"https:\/\/www.reklameskolen.no\/nn\/"},{"@type":"ListItem","position":2,"name":"Andre tema","item":"https:\/\/www.reklameskolen.no\/nn\/andre-temaer\/"},{"@type":"ListItem","position":3,"name":"Direktemarknadsf\u00f8ring"}]},{"@type":"WebSite","@id":"https:\/\/www.reklameskolen.no\/nn\/#website","url":"https:\/\/www.reklameskolen.no\/nn\/","name":"Reklameskolen - Nynorsk","description":"Oppl\u00e6ringsverkt\u00f8y om reklame","publisher":{"@id":"https:\/\/www.reklameskolen.no\/nn\/#organization"},"potentialAction":[{"@type":"SearchAction","target":{"@type":"EntryPoint","urlTemplate":"https:\/\/www.reklameskolen.no\/nn\/?s={search_term_string}"},"query-input":{"@type":"PropertyValueSpecification","valueRequired":true,"valueName":"search_term_string"}}],"inLanguage":"nn-NO"},{"@type":"Organization","@id":"https:\/\/www.reklameskolen.no\/nn\/#organization","name":"Reklameskolen","url":"https:\/\/www.reklameskolen.no\/nn\/","logo":{"@type":"ImageObject","inLanguage":"nn-NO","@id":"https:\/\/www.reklameskolen.no\/nn\/#\/schema\/logo\/image\/","url":"https:\/\/www.reklameskolen.no\/wp-content\/uploads\/2024\/10\/Reklameskolen-Logo-01.png","contentUrl":"https:\/\/www.reklameskolen.no\/wp-content\/uploads\/2024\/10\/Reklameskolen-Logo-01.png","width":2571,"height":950,"caption":"Reklameskolen"},"image":{"@id":"https:\/\/www.reklameskolen.no\/nn\/#\/schema\/logo\/image\/"}}]}},"_links":{"self":[{"href":"https:\/\/www.reklameskolen.no\/nn\/wp-json\/wp\/v2\/pages\/171","targetHints":{"allow":["GET"]}}],"collection":[{"href":"https:\/\/www.reklameskolen.no\/nn\/wp-json\/wp\/v2\/pages"}],"about":[{"href":"https:\/\/www.reklameskolen.no\/nn\/wp-json\/wp\/v2\/types\/page"}],"author":[{"embeddable":true,"href":"https:\/\/www.reklameskolen.no\/nn\/wp-json\/wp\/v2\/users\/1"}],"replies":[{"embeddable":true,"href":"https:\/\/www.reklameskolen.no\/nn\/wp-json\/wp\/v2\/comments?post=171"}],"version-history":[{"count":40,"href":"https:\/\/www.reklameskolen.no\/nn\/wp-json\/wp\/v2\/pages\/171\/revisions"}],"predecessor-version":[{"id":3414,"href":"https:\/\/www.reklameskolen.no\/nn\/wp-json\/wp\/v2\/pages\/171\/revisions\/3414"}],"up":[{"embeddable":true,"href":"https:\/\/www.reklameskolen.no\/nn\/wp-json\/wp\/v2\/pages\/111"}],"wp:attachment":[{"href":"https:\/\/www.reklameskolen.no\/nn\/wp-json\/wp\/v2\/media?parent=171"}],"curies":[{"name":"wp","href":"https:\/\/api.w.org\/{rel}","templated":true}]}}