{"id":170,"date":"2021-12-09T08:58:10","date_gmt":"2021-12-09T07:58:10","guid":{"rendered":"https:\/\/www.reklameskolen.no\/?page_id=170"},"modified":"2022-05-12T22:02:08","modified_gmt":"2022-05-12T20:02:08","slug":"okonomi","status":"publish","type":"page","link":"https:\/\/www.reklameskolen.no\/nn\/andre-temaer\/okonomi\/","title":{"rendered":"\u00d8konomi"},"content":{"rendered":"\n<div class=\"wp-block-cover alignfull is-light\"><span aria-hidden=\"true\" class=\"has-background-dim-0 wp-block-cover__gradient-background has-background-dim\"><\/span><img decoding=\"async\" class=\"wp-block-cover__image-background wp-image-3063\" alt=\"Bilde viser et skrivebord med to datamaskiner og noen papirer\" src=\"https:\/\/www.reklameskolen.no\/nn\/wp-content\/uploads\/2022\/04\/scott-graham-5fNmWej4tAA-unsplash-1.jpg\" style=\"object-position:50% 30%\" data-object-fit=\"cover\" data-object-position=\"50% 30%\"\/><div class=\"wp-block-cover__inner-container is-layout-flow wp-block-cover-is-layout-flow\">\n<p class=\"has-text-align-center has-large-font-size\"><\/p>\n<\/div><\/div>\n\n\n\n<h2 class=\"wp-block-heading\">\u00d8konomi<\/h2>\n\n\n\n<div class=\"wp-block-columns is-layout-flex wp-container-core-columns-is-layout-9d6595d7 wp-block-columns-is-layout-flex\">\n<div class=\"wp-block-column is-layout-flow wp-block-column-is-layout-flow\">\n<p>Du ser kanskje fram til 18-\u00e5rsdagen? Tel ned dagar til du endeleg kan bestemme det meste sj\u00f8lv? Det er i s\u00e5 fall ikkje s\u00e5 rart! \u00c5 bli 18 er ein stor merkedag, men det inneber \u00f2g at du blir fullt ut ansvarleg for det du gjer. Ogs\u00e5 f\u00f8r den tid kan det dukke opp mange sp\u00f8rsm\u00e5l knytt til \u00f8konomien. Du har kanskje lurt p\u00e5 om du kan jobbe, om du m\u00e5 betale skatt eller om du skal kj\u00f8pe deg moped eller skuter. <\/p>\n\n\n\n<p>Informasjon om desse temaa med meir finn du i heftet &#8220;P\u00e5 egne ben&#8221;<\/p>\n\n\n\n<div class=\"wp-block-buttons is-layout-flex wp-block-buttons-is-layout-flex\">\n<div class=\"wp-block-button\"><a class=\"wp-block-button__link has-palette-color-2-background-color has-background\" href=\"https:\/\/www.finansnorge.no\/siteassets\/verktoy\/ungdom-okonomi-og-skole\/hefte-pa-egne-ben---oppdatert-mars-2021.pdf\" target=\"_blank\" rel=\"noreferrer noopener\">Trykk her for \u00e5 finne heftet &#8220;P\u00e5 egne ben&#8221;<\/a><\/div>\n<\/div>\n<\/div>\n<\/div>\n\n\n\n<p>Har du lyst \u00e5 teste \u00f8konomikunnskapene dine? Ta \u00d8konomilappen da vel!<\/p>\n\n\n\n<div class=\"wp-block-buttons is-layout-flex wp-block-buttons-is-layout-flex\">\n<div class=\"wp-block-button\"><a class=\"wp-block-button__link has-palette-color-2-background-color has-background\" href=\"https:\/\/xn--konomilappen-ujb.no\/\" target=\"_blank\" rel=\"noreferrer noopener\">Ta &#8220;\u00d8konomilappen&#8221; her<\/a><\/div>\n<\/div>\n\n\n\n<div style=\"height:100px\" aria-hidden=\"true\" class=\"wp-block-spacer\"><\/div>\n\n\n\n<div class=\"wp-block-group alignfull has-palette-color-4-background-color has-background\"><div class=\"wp-block-group__inner-container is-layout-flow wp-block-group-is-layout-flow\">\n<div class=\"wp-block-columns is-layout-flex wp-container-core-columns-is-layout-9d6595d7 wp-block-columns-is-layout-flex\">\n<div class=\"wp-block-column is-layout-flow wp-block-column-is-layout-flow\">\n<div class=\"wp-block-buttons is-layout-flex wp-block-buttons-is-layout-flex\">\n<div class=\"wp-block-button\"><a class=\"wp-block-button__link\" href=\"https:\/\/www.reklameskolen.no\/nn\/andre-temaer\/avtaler-og-vilkar\/\">Tilbake til &#8220;Avtalar og vilk\u00e5r&#8221;<\/a><\/div>\n<\/div>\n<\/div>\n\n\n\n<div class=\"wp-block-column is-layout-flow wp-block-column-is-layout-flow\">\n<div class=\"wp-block-buttons is-horizontal is-content-justification-right is-layout-flex wp-container-core-buttons-is-layout-ae2fe186 wp-block-buttons-is-layout-flex\">\n<div class=\"wp-block-button\"><a class=\"wp-block-button__link\" href=\"https:\/\/www.reklameskolen.no\/nn\/andre-temaer\/direktemarkedsforing\/\">Vidare til &#8220;Direktemarknadsf\u00f8ring&#8221;<\/a><\/div>\n<\/div>\n<\/div>\n<\/div>\n<\/div><\/div>\n\n\n\n<p><\/p>\n","protected":false},"excerpt":{"rendered":"<p>Illustrasjon av noen som ser p\u00e5 ark med masse tall og utregninger<\/p>\n","protected":false},"author":1,"featured_media":0,"parent":111,"menu_order":3,"comment_status":"closed","ping_status":"closed","template":"","meta":{"_acf_changed":false,"editor_notices":[],"footnotes":""},"class_list":["post-170","page","type-page","status-publish","hentry"],"acf":[],"yoast_head":"<!-- This site is optimized with the Yoast SEO plugin v25.9 - https:\/\/yoast.com\/wordpress\/plugins\/seo\/ -->\n<title>\u00d8konomi - Reklameskolen - Nynorsk<\/title>\n<meta name=\"robots\" content=\"index, follow, max-snippet:-1, max-image-preview:large, max-video-preview:-1\" \/>\n<link rel=\"canonical\" href=\"https:\/\/www.reklameskolen.no\/nn\/andre-temaer\/okonomi\/\" \/>\n<meta property=\"og:locale\" content=\"nn_NO\" \/>\n<meta property=\"og:type\" content=\"article\" \/>\n<meta property=\"og:title\" content=\"\u00d8konomi - Reklameskolen - Nynorsk\" \/>\n<meta property=\"og:description\" content=\"Illustrasjon av noen som ser p\u00e5 ark med masse tall og utregninger\" \/>\n<meta property=\"og:url\" content=\"https:\/\/www.reklameskolen.no\/nn\/andre-temaer\/okonomi\/\" \/>\n<meta property=\"og:site_name\" content=\"Reklameskolen - Nynorsk\" \/>\n<meta property=\"article:modified_time\" content=\"2022-05-12T20:02:08+00:00\" \/>\n<meta property=\"og:image\" content=\"https:\/\/www.reklameskolen.no\/nn\/wp-content\/uploads\/2022\/04\/scott-graham-5fNmWej4tAA-unsplash-1.jpg\" \/>\n<meta name=\"twitter:card\" content=\"summary_large_image\" \/>\n<meta name=\"twitter:label1\" content=\"Est. reading time\" \/>\n\t<meta name=\"twitter:data1\" content=\"1 minute\" \/>\n<script type=\"application\/ld+json\" class=\"yoast-schema-graph\">{\"@context\":\"https:\/\/schema.org\",\"@graph\":[{\"@type\":\"WebPage\",\"@id\":\"https:\/\/www.reklameskolen.no\/nn\/andre-temaer\/okonomi\/\",\"url\":\"https:\/\/www.reklameskolen.no\/nn\/andre-temaer\/okonomi\/\",\"name\":\"\u00d8konomi - Reklameskolen - Nynorsk\",\"isPartOf\":{\"@id\":\"https:\/\/www.reklameskolen.no\/nn\/#website\"},\"primaryImageOfPage\":{\"@id\":\"https:\/\/www.reklameskolen.no\/nn\/andre-temaer\/okonomi\/#primaryimage\"},\"image\":{\"@id\":\"https:\/\/www.reklameskolen.no\/nn\/andre-temaer\/okonomi\/#primaryimage\"},\"thumbnailUrl\":\"https:\/\/www.reklameskolen.no\/nn\/wp-content\/uploads\/2022\/04\/scott-graham-5fNmWej4tAA-unsplash-1.jpg\",\"datePublished\":\"2021-12-09T07:58:10+00:00\",\"dateModified\":\"2022-05-12T20:02:08+00:00\",\"breadcrumb\":{\"@id\":\"https:\/\/www.reklameskolen.no\/nn\/andre-temaer\/okonomi\/#breadcrumb\"},\"inLanguage\":\"nn-NO\",\"potentialAction\":[{\"@type\":\"ReadAction\",\"target\":[\"https:\/\/www.reklameskolen.no\/nn\/andre-temaer\/okonomi\/\"]}]},{\"@type\":\"ImageObject\",\"inLanguage\":\"nn-NO\",\"@id\":\"https:\/\/www.reklameskolen.no\/nn\/andre-temaer\/okonomi\/#primaryimage\",\"url\":\"https:\/\/www.reklameskolen.no\/wp-content\/uploads\/2022\/04\/scott-graham-5fNmWej4tAA-unsplash-1.jpg\",\"contentUrl\":\"https:\/\/www.reklameskolen.no\/wp-content\/uploads\/2022\/04\/scott-graham-5fNmWej4tAA-unsplash-1.jpg\"},{\"@type\":\"BreadcrumbList\",\"@id\":\"https:\/\/www.reklameskolen.no\/nn\/andre-temaer\/okonomi\/#breadcrumb\",\"itemListElement\":[{\"@type\":\"ListItem\",\"position\":1,\"name\":\"Home\",\"item\":\"https:\/\/www.reklameskolen.no\/nn\/\"},{\"@type\":\"ListItem\",\"position\":2,\"name\":\"Andre tema\",\"item\":\"https:\/\/www.reklameskolen.no\/nn\/andre-temaer\/\"},{\"@type\":\"ListItem\",\"position\":3,\"name\":\"\u00d8konomi\"}]},{\"@type\":\"WebSite\",\"@id\":\"https:\/\/www.reklameskolen.no\/nn\/#website\",\"url\":\"https:\/\/www.reklameskolen.no\/nn\/\",\"name\":\"Reklameskolen - Nynorsk\",\"description\":\"Oppl\u00e6ringsverkt\u00f8y om reklame\",\"publisher\":{\"@id\":\"https:\/\/www.reklameskolen.no\/nn\/#organization\"},\"potentialAction\":[{\"@type\":\"SearchAction\",\"target\":{\"@type\":\"EntryPoint\",\"urlTemplate\":\"https:\/\/www.reklameskolen.no\/nn\/?s={search_term_string}\"},\"query-input\":{\"@type\":\"PropertyValueSpecification\",\"valueRequired\":true,\"valueName\":\"search_term_string\"}}],\"inLanguage\":\"nn-NO\"},{\"@type\":\"Organization\",\"@id\":\"https:\/\/www.reklameskolen.no\/nn\/#organization\",\"name\":\"Reklameskolen\",\"url\":\"https:\/\/www.reklameskolen.no\/nn\/\",\"logo\":{\"@type\":\"ImageObject\",\"inLanguage\":\"nn-NO\",\"@id\":\"https:\/\/www.reklameskolen.no\/nn\/#\/schema\/logo\/image\/\",\"url\":\"https:\/\/www.reklameskolen.no\/wp-content\/uploads\/2024\/10\/Reklameskolen-Logo-01.png\",\"contentUrl\":\"https:\/\/www.reklameskolen.no\/wp-content\/uploads\/2024\/10\/Reklameskolen-Logo-01.png\",\"width\":2571,\"height\":950,\"caption\":\"Reklameskolen\"},\"image\":{\"@id\":\"https:\/\/www.reklameskolen.no\/nn\/#\/schema\/logo\/image\/\"}}]}<\/script>\n<!-- \/ Yoast SEO plugin. -->","yoast_head_json":{"title":"\u00d8konomi - Reklameskolen - Nynorsk","robots":{"index":"index","follow":"follow","max-snippet":"max-snippet:-1","max-image-preview":"max-image-preview:large","max-video-preview":"max-video-preview:-1"},"canonical":"https:\/\/www.reklameskolen.no\/nn\/andre-temaer\/okonomi\/","og_locale":"nn_NO","og_type":"article","og_title":"\u00d8konomi - Reklameskolen - Nynorsk","og_description":"Illustrasjon av noen som ser p\u00e5 ark med masse tall og utregninger","og_url":"https:\/\/www.reklameskolen.no\/nn\/andre-temaer\/okonomi\/","og_site_name":"Reklameskolen - Nynorsk","article_modified_time":"2022-05-12T20:02:08+00:00","og_image":[{"url":"https:\/\/www.reklameskolen.no\/nn\/wp-content\/uploads\/2022\/04\/scott-graham-5fNmWej4tAA-unsplash-1.jpg","type":"","width":"","height":""}],"twitter_card":"summary_large_image","twitter_misc":{"Est. reading time":"1 minute"},"schema":{"@context":"https:\/\/schema.org","@graph":[{"@type":"WebPage","@id":"https:\/\/www.reklameskolen.no\/nn\/andre-temaer\/okonomi\/","url":"https:\/\/www.reklameskolen.no\/nn\/andre-temaer\/okonomi\/","name":"\u00d8konomi - Reklameskolen - Nynorsk","isPartOf":{"@id":"https:\/\/www.reklameskolen.no\/nn\/#website"},"primaryImageOfPage":{"@id":"https:\/\/www.reklameskolen.no\/nn\/andre-temaer\/okonomi\/#primaryimage"},"image":{"@id":"https:\/\/www.reklameskolen.no\/nn\/andre-temaer\/okonomi\/#primaryimage"},"thumbnailUrl":"https:\/\/www.reklameskolen.no\/nn\/wp-content\/uploads\/2022\/04\/scott-graham-5fNmWej4tAA-unsplash-1.jpg","datePublished":"2021-12-09T07:58:10+00:00","dateModified":"2022-05-12T20:02:08+00:00","breadcrumb":{"@id":"https:\/\/www.reklameskolen.no\/nn\/andre-temaer\/okonomi\/#breadcrumb"},"inLanguage":"nn-NO","potentialAction":[{"@type":"ReadAction","target":["https:\/\/www.reklameskolen.no\/nn\/andre-temaer\/okonomi\/"]}]},{"@type":"ImageObject","inLanguage":"nn-NO","@id":"https:\/\/www.reklameskolen.no\/nn\/andre-temaer\/okonomi\/#primaryimage","url":"https:\/\/www.reklameskolen.no\/wp-content\/uploads\/2022\/04\/scott-graham-5fNmWej4tAA-unsplash-1.jpg","contentUrl":"https:\/\/www.reklameskolen.no\/wp-content\/uploads\/2022\/04\/scott-graham-5fNmWej4tAA-unsplash-1.jpg"},{"@type":"BreadcrumbList","@id":"https:\/\/www.reklameskolen.no\/nn\/andre-temaer\/okonomi\/#breadcrumb","itemListElement":[{"@type":"ListItem","position":1,"name":"Home","item":"https:\/\/www.reklameskolen.no\/nn\/"},{"@type":"ListItem","position":2,"name":"Andre tema","item":"https:\/\/www.reklameskolen.no\/nn\/andre-temaer\/"},{"@type":"ListItem","position":3,"name":"\u00d8konomi"}]},{"@type":"WebSite","@id":"https:\/\/www.reklameskolen.no\/nn\/#website","url":"https:\/\/www.reklameskolen.no\/nn\/","name":"Reklameskolen - Nynorsk","description":"Oppl\u00e6ringsverkt\u00f8y om reklame","publisher":{"@id":"https:\/\/www.reklameskolen.no\/nn\/#organization"},"potentialAction":[{"@type":"SearchAction","target":{"@type":"EntryPoint","urlTemplate":"https:\/\/www.reklameskolen.no\/nn\/?s={search_term_string}"},"query-input":{"@type":"PropertyValueSpecification","valueRequired":true,"valueName":"search_term_string"}}],"inLanguage":"nn-NO"},{"@type":"Organization","@id":"https:\/\/www.reklameskolen.no\/nn\/#organization","name":"Reklameskolen","url":"https:\/\/www.reklameskolen.no\/nn\/","logo":{"@type":"ImageObject","inLanguage":"nn-NO","@id":"https:\/\/www.reklameskolen.no\/nn\/#\/schema\/logo\/image\/","url":"https:\/\/www.reklameskolen.no\/wp-content\/uploads\/2024\/10\/Reklameskolen-Logo-01.png","contentUrl":"https:\/\/www.reklameskolen.no\/wp-content\/uploads\/2024\/10\/Reklameskolen-Logo-01.png","width":2571,"height":950,"caption":"Reklameskolen"},"image":{"@id":"https:\/\/www.reklameskolen.no\/nn\/#\/schema\/logo\/image\/"}}]}},"_links":{"self":[{"href":"https:\/\/www.reklameskolen.no\/nn\/wp-json\/wp\/v2\/pages\/170","targetHints":{"allow":["GET"]}}],"collection":[{"href":"https:\/\/www.reklameskolen.no\/nn\/wp-json\/wp\/v2\/pages"}],"about":[{"href":"https:\/\/www.reklameskolen.no\/nn\/wp-json\/wp\/v2\/types\/page"}],"author":[{"embeddable":true,"href":"https:\/\/www.reklameskolen.no\/nn\/wp-json\/wp\/v2\/users\/1"}],"replies":[{"embeddable":true,"href":"https:\/\/www.reklameskolen.no\/nn\/wp-json\/wp\/v2\/comments?post=170"}],"version-history":[{"count":33,"href":"https:\/\/www.reklameskolen.no\/nn\/wp-json\/wp\/v2\/pages\/170\/revisions"}],"predecessor-version":[{"id":3422,"href":"https:\/\/www.reklameskolen.no\/nn\/wp-json\/wp\/v2\/pages\/170\/revisions\/3422"}],"up":[{"embeddable":true,"href":"https:\/\/www.reklameskolen.no\/nn\/wp-json\/wp\/v2\/pages\/111"}],"wp:attachment":[{"href":"https:\/\/www.reklameskolen.no\/nn\/wp-json\/wp\/v2\/media?parent=170"}],"curies":[{"name":"wp","href":"https:\/\/api.w.org\/{rel}","templated":true}]}}