{"id":1158,"date":"2022-02-21T14:46:56","date_gmt":"2022-02-21T13:46:56","guid":{"rendered":"https:\/\/www.reklameskolen.no\/?page_id=1158"},"modified":"2022-05-12T08:18:15","modified_gmt":"2022-05-12T06:18:15","slug":"krav-til-merking","status":"publish","type":"page","link":"https:\/\/www.reklameskolen.no\/nn\/metoder-medier-og-miljo\/den-usynlige-reklame\/krav-til-merking\/","title":{"rendered":"Er det lov \u00e5 skjule reklamen?"},"content":{"rendered":"\n<h2 class=\"wp-block-heading\" id=\"er-det-lov-med-skjult-reklame\">Er det lov \u00e5 skjule reklamen?<\/h2>\n\n\n\n<div class=\"wp-block-cover is-light\" style=\"min-height:475px;aspect-ratio:unset;\"><span aria-hidden=\"true\" class=\"has-background-dim-20 wp-block-cover__gradient-background has-background-dim\"><\/span><img loading=\"lazy\" decoding=\"async\" width=\"800\" height=\"700\" class=\"wp-block-cover__image-background wp-image-1229\" alt=\"Illustrasjonsbilde som viser en annonse p\u00e5 en mobiltelefon der annonsen er merket med &quot;annonse&quot;\" src=\"https:\/\/www.reklameskolen.no\/wp-content\/uploads\/sites\/4\/2022\/02\/Skjult-reklame-5.png\" style=\"object-position:47% 17%\" data-object-fit=\"cover\" data-object-position=\"47% 17%\" srcset=\"https:\/\/www.reklameskolen.no\/nn\/files\/2022\/02\/Skjult-reklame-5.png 800w, https:\/\/www.reklameskolen.no\/nn\/files\/2022\/02\/Skjult-reklame-5-300x263.png 300w, https:\/\/www.reklameskolen.no\/nn\/files\/2022\/02\/Skjult-reklame-5-768x672.png 768w, https:\/\/www.reklameskolen.no\/nn\/files\/2022\/02\/Skjult-reklame-5-150x131.png 150w\" sizes=\"auto, (max-width: 800px) 100vw, 800px\" \/><div class=\"wp-block-cover__inner-container is-layout-flow wp-block-cover-is-layout-flow\">\n<p class=\"has-text-align-center has-large-font-size\"><\/p>\n<\/div><\/div>\n\n\n\n<div class=\"wp-block-columns is-layout-flex wp-container-core-columns-is-layout-9d6595d7 wp-block-columns-is-layout-flex\">\n<div class=\"wp-block-column is-layout-flow wp-block-column-is-layout-flow\" style=\"flex-basis:66.66%\">\n<p>Eit grunnleggjande prinsipp for alle medium er at det skal vere eit klart skilje mellom <strong>redaksjonelt, personleg<\/strong> og <strong>kommersielt innhald<\/strong>. Norsk lov sl\u00e5r fast at reklame skal formast p\u00e5 ein slik m\u00e5te at det tydeleg<strong> <\/strong>st\u00e5r fram som reklame. Skjult reklame er alts\u00e5 ikkje lov!<\/p>\n\n\n\n<p>Det betyr at all reklame i b\u00e5de i sosiale medium og andre medium enten tydeleg m\u00e5 st\u00e5 fram som reklame, eller vere tydeleg merka<strong> <\/strong>som reklame. <\/p>\n\n\n\n<p>Eit innlegg i sosiale medium blir rekna som reklame viss det kan vere med p\u00e5 \u00e5 auke salet av produkta eller tenestene til ein n\u00e6ringsdrivandes, og den som legg det ut har f\u00e5tt fordelar for \u00e5 gjere nettopp det. Det gjeld for eksempel viss ein har f\u00e5tt pengar, gratis produkt, reiser eller rabattar for \u00e5 anbefale eller vise fram eit produkt. Slike innlegg skal merkast som reklame.<\/p>\n\n\n\n<div style=\"height:100px\" aria-hidden=\"true\" class=\"wp-block-spacer\"><\/div>\n\n\n\n<div class=\"wp-block-group is-style-questions\"><div class=\"wp-block-group__inner-container is-layout-flow wp-block-group-is-layout-flow\">\n<h2 class=\"wp-block-heading\" id=\"krav-til-merking\">Krav til merking<\/h2>\n\n\n\n<p>Her skal du ta stilling til om innlegga publisert i sosiale medium er godt nok merka.<\/p>\n\n\n\n<p><\/p>\n\n\n<div class=\"h5p-iframe-wrapper\"><iframe id=\"h5p-iframe-72\" class=\"h5p-iframe\" data-content-id=\"72\" style=\"height:1px\" src=\"about:blank\" frameBorder=\"0\" scrolling=\"no\" title=\"Nynorsk - Skjult reklame\"><\/iframe><\/div>\n<\/div><\/div>\n<\/div>\n\n\n\n<div class=\"wp-block-column is-layout-flow wp-block-column-is-layout-flow\" style=\"flex-basis:33.33%\">\n<div style=\"height:20px\" aria-hidden=\"true\" class=\"wp-block-spacer\"><\/div>\n\n\n\n<div class=\"wp-block-group is-style-fact-box\"><div class=\"wp-block-group__inner-container is-layout-flow wp-block-group-is-layout-flow\">\n<h2 class=\"wp-block-heading\" id=\"lovens-krav\">Ordliste<\/h2>\n\n\n\n<ul class=\"wp-block-list\"><li><strong>Redaksjonelt innhald:<\/strong> Innhald med nyheits- eller utdanningsform\u00e5l. Dette vil typisk kunne vere avisartiklar, l\u00e6reb\u00f8ker, faglitteratur med meir.<\/li><li><strong>Personleg innhald: <\/strong>Innhald som er baserte p\u00e5 eins eigne oppfatningar og vurderingar.<\/li><li><strong>Kommersielt innhald:<\/strong> Innhald med salsfremjande form\u00e5l. Dette vil typisk vere alle former for reklame.<\/li><\/ul>\n<\/div><\/div>\n\n\n\n<div style=\"height:50px\" aria-hidden=\"true\" class=\"wp-block-spacer\"><\/div>\n\n\n\n<figure class=\"wp-block-pullquote is-style-pullquote-think\"><blockquote><p>Lova sitt krav<\/p><cite>I lov om kontroll med markedsf\u00f8ring og avtalevilk\u00e5r mv. (markedsf\u00f8ringsloven) \u00a7 3 er det krav til at marknadsf\u00f8ring skal formast og bli presentert p\u00e5 ein slik m\u00e5te at den tydeleg st\u00e5r fram som marknadsf\u00f8ring.<\/cite><\/blockquote><\/figure>\n\n\n\n<div style=\"height:50px\" aria-hidden=\"true\" class=\"wp-block-spacer\"><\/div>\n\n\n\n<div class=\"wp-block-group is-style-tableofcontent has-palette-color-1-background-color has-background\"><div class=\"wp-block-group__inner-container is-layout-flow wp-block-group-is-layout-flow\">\n<h2 class=\"wp-block-heading\" id=\"ekstra-vil-du-vite-mer\">Ekstra: Vil du vite meir?<\/h2>\n\n\n\n<p>Viss du vil vite meir om merking av reklame i sosiale medium, finn du meir informasjon p\u00e5 nettsidene til Forbrukartilsynet.<\/p>\n\n\n\n<div class=\"wp-block-buttons is-content-justification-center is-layout-flex wp-container-core-buttons-is-layout-16018d1d wp-block-buttons-is-layout-flex\">\n<div class=\"wp-block-button\"><a class=\"wp-block-button__link has-palette-color-2-background-color has-background\" href=\"https:\/\/www.forbrukertilsynet.no\/vi-jobber-med\/reklame-i-sosiale-medier\" target=\"_blank\" rel=\"noreferrer noopener\">Les meir her<\/a><\/div>\n<\/div>\n<\/div><\/div>\n<\/div>\n<\/div>\n\n\n\n<div style=\"height:100px\" aria-hidden=\"true\" class=\"wp-block-spacer\"><\/div>\n\n\n\n<div class=\"wp-block-group alignfull has-palette-color-4-background-color has-background\"><div class=\"wp-block-group__inner-container is-layout-flow wp-block-group-is-layout-flow\">\n<div class=\"wp-block-columns is-layout-flex wp-container-core-columns-is-layout-9d6595d7 wp-block-columns-is-layout-flex\">\n<div class=\"wp-block-column is-layout-flow wp-block-column-is-layout-flow\">\n<div class=\"wp-block-buttons is-layout-flex wp-block-buttons-is-layout-flex\">\n<div class=\"wp-block-button\"><a class=\"wp-block-button__link\" href=\"https:\/\/www.reklameskolen.no\/nn\/metoder-medier-og-miljo\/den-usynlige-reklame\/skjult-reklame-i-sosiale-medier\/\">Tilbake til &#8220;Skjult reklame i sosiale medium&#8221;<\/a><\/div>\n<\/div>\n<\/div>\n\n\n\n<div class=\"wp-block-column is-layout-flow wp-block-column-is-layout-flow\">\n<div class=\"wp-block-buttons is-content-justification-right is-layout-flex wp-container-core-buttons-is-layout-765c4724 wp-block-buttons-is-layout-flex\">\n<div class=\"wp-block-button\"><a class=\"wp-block-button__link\" href=\"https:\/\/www.reklameskolen.no\/nn\/metoder-medier-og-miljo\/personrettet-overvakningsbasert-markedsforing\/\">Vidare til &#8220;Personrettet\/overvakingsbasert marknadsf\u00f8ring&#8221;<\/a><\/div>\n<\/div>\n<\/div>\n<\/div>\n<\/div><\/div>\n\n\n\n<p><\/p>\n","protected":false},"excerpt":{"rendered":"<p>Er det lov \u00e5 skjule reklamen? Eit grunnleggjande prinsipp for alle medium er at det skal vere eit klart skilje mellom redaksjonelt, personleg og kommersielt innhald. Norsk lov sl\u00e5r fast at reklame skal formast p\u00e5 ein slik m\u00e5te at det tydeleg st\u00e5r fram som reklame. Skjult reklame er alts\u00e5 ikkje lov! Det betyr at all [&hellip;]<\/p>\n","protected":false},"author":6,"featured_media":0,"parent":163,"menu_order":5,"comment_status":"closed","ping_status":"closed","template":"","meta":{"_acf_changed":false,"editor_notices":[],"footnotes":""},"class_list":["post-1158","page","type-page","status-publish","hentry"],"acf":[],"yoast_head":"<!-- This site is optimized with the Yoast SEO plugin v25.9 - https:\/\/yoast.com\/wordpress\/plugins\/seo\/ -->\n<title>Er det lov \u00e5 skjule reklamen? - Reklameskolen - Nynorsk<\/title>\n<meta name=\"robots\" content=\"index, follow, max-snippet:-1, max-image-preview:large, max-video-preview:-1\" \/>\n<link rel=\"canonical\" href=\"https:\/\/www.reklameskolen.no\/nn\/metoder-medier-og-miljo\/den-usynlige-reklame\/krav-til-merking\/\" \/>\n<meta property=\"og:locale\" content=\"nn_NO\" \/>\n<meta property=\"og:type\" content=\"article\" \/>\n<meta property=\"og:title\" content=\"Er det lov \u00e5 skjule reklamen? - Reklameskolen - Nynorsk\" \/>\n<meta property=\"og:description\" content=\"Er det lov \u00e5 skjule reklamen? Eit grunnleggjande prinsipp for alle medium er at det skal vere eit klart skilje mellom redaksjonelt, personleg og kommersielt innhald. Norsk lov sl\u00e5r fast at reklame skal formast p\u00e5 ein slik m\u00e5te at det tydeleg st\u00e5r fram som reklame. Skjult reklame er alts\u00e5 ikkje lov! Det betyr at all [&hellip;]\" \/>\n<meta property=\"og:url\" content=\"https:\/\/www.reklameskolen.no\/nn\/metoder-medier-og-miljo\/den-usynlige-reklame\/krav-til-merking\/\" \/>\n<meta property=\"og:site_name\" content=\"Reklameskolen - Nynorsk\" \/>\n<meta property=\"article:modified_time\" content=\"2022-05-12T06:18:15+00:00\" \/>\n<meta property=\"og:image\" content=\"https:\/\/www.reklameskolen.no\/wp-content\/uploads\/sites\/4\/2022\/02\/Skjult-reklame-5.png\" \/>\n<meta name=\"twitter:card\" content=\"summary_large_image\" \/>\n<meta name=\"twitter:label1\" content=\"Est. reading time\" \/>\n\t<meta name=\"twitter:data1\" content=\"1 minute\" \/>\n<script type=\"application\/ld+json\" class=\"yoast-schema-graph\">{\"@context\":\"https:\/\/schema.org\",\"@graph\":[{\"@type\":\"WebPage\",\"@id\":\"https:\/\/www.reklameskolen.no\/nn\/metoder-medier-og-miljo\/den-usynlige-reklame\/krav-til-merking\/\",\"url\":\"https:\/\/www.reklameskolen.no\/nn\/metoder-medier-og-miljo\/den-usynlige-reklame\/krav-til-merking\/\",\"name\":\"Er det lov \u00e5 skjule reklamen? - Reklameskolen - Nynorsk\",\"isPartOf\":{\"@id\":\"https:\/\/www.reklameskolen.no\/nn\/#website\"},\"primaryImageOfPage\":{\"@id\":\"https:\/\/www.reklameskolen.no\/nn\/metoder-medier-og-miljo\/den-usynlige-reklame\/krav-til-merking\/#primaryimage\"},\"image\":{\"@id\":\"https:\/\/www.reklameskolen.no\/nn\/metoder-medier-og-miljo\/den-usynlige-reklame\/krav-til-merking\/#primaryimage\"},\"thumbnailUrl\":\"https:\/\/www.reklameskolen.no\/wp-content\/uploads\/sites\/4\/2022\/02\/Skjult-reklame-5.png\",\"datePublished\":\"2022-02-21T13:46:56+00:00\",\"dateModified\":\"2022-05-12T06:18:15+00:00\",\"breadcrumb\":{\"@id\":\"https:\/\/www.reklameskolen.no\/nn\/metoder-medier-og-miljo\/den-usynlige-reklame\/krav-til-merking\/#breadcrumb\"},\"inLanguage\":\"nn-NO\",\"potentialAction\":[{\"@type\":\"ReadAction\",\"target\":[\"https:\/\/www.reklameskolen.no\/nn\/metoder-medier-og-miljo\/den-usynlige-reklame\/krav-til-merking\/\"]}]},{\"@type\":\"ImageObject\",\"inLanguage\":\"nn-NO\",\"@id\":\"https:\/\/www.reklameskolen.no\/nn\/metoder-medier-og-miljo\/den-usynlige-reklame\/krav-til-merking\/#primaryimage\",\"url\":\"https:\/\/www.reklameskolen.no\/wp-content\/uploads\/sites\/4\/2022\/02\/Skjult-reklame-5.png\",\"contentUrl\":\"https:\/\/www.reklameskolen.no\/wp-content\/uploads\/sites\/4\/2022\/02\/Skjult-reklame-5.png\"},{\"@type\":\"BreadcrumbList\",\"@id\":\"https:\/\/www.reklameskolen.no\/nn\/metoder-medier-og-miljo\/den-usynlige-reklame\/krav-til-merking\/#breadcrumb\",\"itemListElement\":[{\"@type\":\"ListItem\",\"position\":1,\"name\":\"Home\",\"item\":\"https:\/\/www.reklameskolen.no\/nn\/\"},{\"@type\":\"ListItem\",\"position\":2,\"name\":\"Metodar, medium og milj\u00f8\",\"item\":\"https:\/\/www.reklameskolen.no\/nn\/metoder-medier-og-miljo\/\"},{\"@type\":\"ListItem\",\"position\":3,\"name\":\"Den usynlege reklamen\",\"item\":\"https:\/\/www.reklameskolen.no\/nn\/metoder-medier-og-miljo\/den-usynlige-reklame\/\"},{\"@type\":\"ListItem\",\"position\":4,\"name\":\"Er det lov \u00e5 skjule reklamen?\"}]},{\"@type\":\"WebSite\",\"@id\":\"https:\/\/www.reklameskolen.no\/nn\/#website\",\"url\":\"https:\/\/www.reklameskolen.no\/nn\/\",\"name\":\"Reklameskolen - Nynorsk\",\"description\":\"Oppl\u00e6ringsverkt\u00f8y om reklame\",\"publisher\":{\"@id\":\"https:\/\/www.reklameskolen.no\/nn\/#organization\"},\"potentialAction\":[{\"@type\":\"SearchAction\",\"target\":{\"@type\":\"EntryPoint\",\"urlTemplate\":\"https:\/\/www.reklameskolen.no\/nn\/?s={search_term_string}\"},\"query-input\":{\"@type\":\"PropertyValueSpecification\",\"valueRequired\":true,\"valueName\":\"search_term_string\"}}],\"inLanguage\":\"nn-NO\"},{\"@type\":\"Organization\",\"@id\":\"https:\/\/www.reklameskolen.no\/nn\/#organization\",\"name\":\"Reklameskolen\",\"url\":\"https:\/\/www.reklameskolen.no\/nn\/\",\"logo\":{\"@type\":\"ImageObject\",\"inLanguage\":\"nn-NO\",\"@id\":\"https:\/\/www.reklameskolen.no\/nn\/#\/schema\/logo\/image\/\",\"url\":\"https:\/\/www.reklameskolen.no\/wp-content\/uploads\/2024\/10\/Reklameskolen-Logo-01.png\",\"contentUrl\":\"https:\/\/www.reklameskolen.no\/wp-content\/uploads\/2024\/10\/Reklameskolen-Logo-01.png\",\"width\":2571,\"height\":950,\"caption\":\"Reklameskolen\"},\"image\":{\"@id\":\"https:\/\/www.reklameskolen.no\/nn\/#\/schema\/logo\/image\/\"}}]}<\/script>\n<!-- \/ Yoast SEO plugin. -->","yoast_head_json":{"title":"Er det lov \u00e5 skjule reklamen? - Reklameskolen - Nynorsk","robots":{"index":"index","follow":"follow","max-snippet":"max-snippet:-1","max-image-preview":"max-image-preview:large","max-video-preview":"max-video-preview:-1"},"canonical":"https:\/\/www.reklameskolen.no\/nn\/metoder-medier-og-miljo\/den-usynlige-reklame\/krav-til-merking\/","og_locale":"nn_NO","og_type":"article","og_title":"Er det lov \u00e5 skjule reklamen? - Reklameskolen - Nynorsk","og_description":"Er det lov \u00e5 skjule reklamen? Eit grunnleggjande prinsipp for alle medium er at det skal vere eit klart skilje mellom redaksjonelt, personleg og kommersielt innhald. Norsk lov sl\u00e5r fast at reklame skal formast p\u00e5 ein slik m\u00e5te at det tydeleg st\u00e5r fram som reklame. Skjult reklame er alts\u00e5 ikkje lov! Det betyr at all [&hellip;]","og_url":"https:\/\/www.reklameskolen.no\/nn\/metoder-medier-og-miljo\/den-usynlige-reklame\/krav-til-merking\/","og_site_name":"Reklameskolen - Nynorsk","article_modified_time":"2022-05-12T06:18:15+00:00","og_image":[{"url":"https:\/\/www.reklameskolen.no\/wp-content\/uploads\/sites\/4\/2022\/02\/Skjult-reklame-5.png","type":"","width":"","height":""}],"twitter_card":"summary_large_image","twitter_misc":{"Est. reading time":"1 minute"},"schema":{"@context":"https:\/\/schema.org","@graph":[{"@type":"WebPage","@id":"https:\/\/www.reklameskolen.no\/nn\/metoder-medier-og-miljo\/den-usynlige-reklame\/krav-til-merking\/","url":"https:\/\/www.reklameskolen.no\/nn\/metoder-medier-og-miljo\/den-usynlige-reklame\/krav-til-merking\/","name":"Er det lov \u00e5 skjule reklamen? - Reklameskolen - Nynorsk","isPartOf":{"@id":"https:\/\/www.reklameskolen.no\/nn\/#website"},"primaryImageOfPage":{"@id":"https:\/\/www.reklameskolen.no\/nn\/metoder-medier-og-miljo\/den-usynlige-reklame\/krav-til-merking\/#primaryimage"},"image":{"@id":"https:\/\/www.reklameskolen.no\/nn\/metoder-medier-og-miljo\/den-usynlige-reklame\/krav-til-merking\/#primaryimage"},"thumbnailUrl":"https:\/\/www.reklameskolen.no\/wp-content\/uploads\/sites\/4\/2022\/02\/Skjult-reklame-5.png","datePublished":"2022-02-21T13:46:56+00:00","dateModified":"2022-05-12T06:18:15+00:00","breadcrumb":{"@id":"https:\/\/www.reklameskolen.no\/nn\/metoder-medier-og-miljo\/den-usynlige-reklame\/krav-til-merking\/#breadcrumb"},"inLanguage":"nn-NO","potentialAction":[{"@type":"ReadAction","target":["https:\/\/www.reklameskolen.no\/nn\/metoder-medier-og-miljo\/den-usynlige-reklame\/krav-til-merking\/"]}]},{"@type":"ImageObject","inLanguage":"nn-NO","@id":"https:\/\/www.reklameskolen.no\/nn\/metoder-medier-og-miljo\/den-usynlige-reklame\/krav-til-merking\/#primaryimage","url":"https:\/\/www.reklameskolen.no\/wp-content\/uploads\/sites\/4\/2022\/02\/Skjult-reklame-5.png","contentUrl":"https:\/\/www.reklameskolen.no\/wp-content\/uploads\/sites\/4\/2022\/02\/Skjult-reklame-5.png"},{"@type":"BreadcrumbList","@id":"https:\/\/www.reklameskolen.no\/nn\/metoder-medier-og-miljo\/den-usynlige-reklame\/krav-til-merking\/#breadcrumb","itemListElement":[{"@type":"ListItem","position":1,"name":"Home","item":"https:\/\/www.reklameskolen.no\/nn\/"},{"@type":"ListItem","position":2,"name":"Metodar, medium og milj\u00f8","item":"https:\/\/www.reklameskolen.no\/nn\/metoder-medier-og-miljo\/"},{"@type":"ListItem","position":3,"name":"Den usynlege reklamen","item":"https:\/\/www.reklameskolen.no\/nn\/metoder-medier-og-miljo\/den-usynlige-reklame\/"},{"@type":"ListItem","position":4,"name":"Er det lov \u00e5 skjule reklamen?"}]},{"@type":"WebSite","@id":"https:\/\/www.reklameskolen.no\/nn\/#website","url":"https:\/\/www.reklameskolen.no\/nn\/","name":"Reklameskolen - Nynorsk","description":"Oppl\u00e6ringsverkt\u00f8y om reklame","publisher":{"@id":"https:\/\/www.reklameskolen.no\/nn\/#organization"},"potentialAction":[{"@type":"SearchAction","target":{"@type":"EntryPoint","urlTemplate":"https:\/\/www.reklameskolen.no\/nn\/?s={search_term_string}"},"query-input":{"@type":"PropertyValueSpecification","valueRequired":true,"valueName":"search_term_string"}}],"inLanguage":"nn-NO"},{"@type":"Organization","@id":"https:\/\/www.reklameskolen.no\/nn\/#organization","name":"Reklameskolen","url":"https:\/\/www.reklameskolen.no\/nn\/","logo":{"@type":"ImageObject","inLanguage":"nn-NO","@id":"https:\/\/www.reklameskolen.no\/nn\/#\/schema\/logo\/image\/","url":"https:\/\/www.reklameskolen.no\/wp-content\/uploads\/2024\/10\/Reklameskolen-Logo-01.png","contentUrl":"https:\/\/www.reklameskolen.no\/wp-content\/uploads\/2024\/10\/Reklameskolen-Logo-01.png","width":2571,"height":950,"caption":"Reklameskolen"},"image":{"@id":"https:\/\/www.reklameskolen.no\/nn\/#\/schema\/logo\/image\/"}}]}},"_links":{"self":[{"href":"https:\/\/www.reklameskolen.no\/nn\/wp-json\/wp\/v2\/pages\/1158","targetHints":{"allow":["GET"]}}],"collection":[{"href":"https:\/\/www.reklameskolen.no\/nn\/wp-json\/wp\/v2\/pages"}],"about":[{"href":"https:\/\/www.reklameskolen.no\/nn\/wp-json\/wp\/v2\/types\/page"}],"author":[{"embeddable":true,"href":"https:\/\/www.reklameskolen.no\/nn\/wp-json\/wp\/v2\/users\/6"}],"replies":[{"embeddable":true,"href":"https:\/\/www.reklameskolen.no\/nn\/wp-json\/wp\/v2\/comments?post=1158"}],"version-history":[{"count":56,"href":"https:\/\/www.reklameskolen.no\/nn\/wp-json\/wp\/v2\/pages\/1158\/revisions"}],"predecessor-version":[{"id":3408,"href":"https:\/\/www.reklameskolen.no\/nn\/wp-json\/wp\/v2\/pages\/1158\/revisions\/3408"}],"up":[{"embeddable":true,"href":"https:\/\/www.reklameskolen.no\/nn\/wp-json\/wp\/v2\/pages\/163"}],"wp:attachment":[{"href":"https:\/\/www.reklameskolen.no\/nn\/wp-json\/wp\/v2\/media?parent=1158"}],"curies":[{"name":"wp","href":"https:\/\/api.w.org\/{rel}","templated":true}]}}