{"id":1090,"date":"2022-02-21T12:20:02","date_gmt":"2022-02-21T11:20:02","guid":{"rendered":"https:\/\/www.reklameskolen.no\/?page_id=1090"},"modified":"2022-05-12T21:59:50","modified_gmt":"2022-05-12T19:59:50","slug":"skjult-reklame-i-sosiale-medier","status":"publish","type":"page","link":"https:\/\/www.reklameskolen.no\/nn\/metoder-medier-og-miljo\/den-usynlige-reklame\/skjult-reklame-i-sosiale-medier\/","title":{"rendered":"Skjult reklame i sosiale medium"},"content":{"rendered":"\n<h2 class=\"wp-block-heading\" id=\"skjult-reklame-i-sosiale-medier-1\">Skjult reklame i sosiale medium<\/h2>\n\n\n\n<div class=\"wp-block-columns is-layout-flex wp-container-core-columns-is-layout-9d6595d7 wp-block-columns-is-layout-flex\">\n<div class=\"wp-block-column is-layout-flow wp-block-column-is-layout-flow\" style=\"flex-basis:66.66%\">\n<figure class=\"wp-block-image size-full\"><img loading=\"lazy\" decoding=\"async\" width=\"800\" height=\"700\" src=\"https:\/\/www.reklameskolen.no\/wp-content\/uploads\/sites\/4\/2022\/02\/Skjult-reklame.jpg\" alt=\"Illustrasjon som viser en telefon som tar bilde av en berlinerbolle.\" class=\"wp-image-837\" srcset=\"https:\/\/www.reklameskolen.no\/nn\/files\/2022\/02\/Skjult-reklame.jpg 800w, https:\/\/www.reklameskolen.no\/nn\/files\/2022\/02\/Skjult-reklame-300x263.jpg 300w, https:\/\/www.reklameskolen.no\/nn\/files\/2022\/02\/Skjult-reklame-768x672.jpg 768w, https:\/\/www.reklameskolen.no\/nn\/files\/2022\/02\/Skjult-reklame-150x131.jpg 150w\" sizes=\"auto, (max-width: 800px) 100vw, 800px\" \/><\/figure>\n\n\n\n<p>I dag bruker vi gjerne sosiale medium b\u00e5de til underhaldning og for \u00e5 finne informasjon. Det er ofte her vi hentar inspirasjon, oppdaterer oss p\u00e5 nye trendar eller finn produktanbefalingar. Det er likevel \u00f2g her mykje av den skjulte reklamen er. I ein jungel av personlege meiningar, og sponsa innlegg er det ikkje alltid like lett \u00e5 vite kva som er personleg og kva som er reklame.<\/p>\n\n\n\n<p>Mykje av den skjulte reklamen i sosiale medium blir lagt ut av profesjonelle p\u00e5verkarar som f\u00e5r betalt for \u00e5 bruke, vise fram eller anbefale produkt. Produkta blir gjerne presenterte i ein kvardagsleg, spontan og \u00e6rleg m\u00e5te, der p\u00e5verkaren er i fokus og produktet er noko p\u00e5verkaraen bruker sj\u00f8lv i sin eigen kvardag. Reklamen er gjerne kamuflert i eit elles personleg innlegg, slik at vi skal gl\u00f8yme at det faktisk er reklame vi ser.<\/p>\n\n\n\n<p>Sj\u00f8lv om mange p\u00e5verkarar er flinke til \u00e5 merke innlegga som reklame, er det framleis mange som ikkje gjer det. Dei legg alts\u00e5 ut skjult reklame.<\/p>\n<\/div>\n\n\n\n<div class=\"wp-block-column is-layout-flow wp-block-column-is-layout-flow\" style=\"flex-basis:33.33%\">\n<figure class=\"wp-block-pullquote is-style-pullquote-think has-palette-color-3-background-color has-background\"><blockquote><p>Omtrent halvparten av all omsetning av marknadsf\u00f8ring i 2020 er fr\u00e5 digital reklame. Sidan 2017 har tv-reklame vore minkande, mens den digitale reklamen stadig veks. <\/p><cite><a rel=\"noreferrer noopener\" href=\"https:\/\/www.nrk.no\/dokumentar\/xl\/det-pavirkerbransjen-ikke-viser-deg-1.15160391\" target=\"_blank\">NRK.no: Det p\u00e5virkerbransjen ikkje viser deg<\/a><\/cite><\/blockquote><\/figure>\n\n\n\n<div class=\"wp-block-group is-style-fact-box\"><div class=\"wp-block-group__inner-container is-layout-flow wp-block-group-is-layout-flow\">\n<h2 class=\"wp-block-heading\" id=\"visste-du-at\">Ordforklaring<\/h2>\n\n\n\n<p><strong>Digital reklame: <\/strong>Reklame som finst p\u00e5 internett. Det gjeld blant anna reklame i nettaviser, og reklameinnlegg f\u00f8r filmar og i sosiale medium.<\/p>\n<\/div><\/div>\n\n\n\n<div style=\"height:36px\" aria-hidden=\"true\" class=\"wp-block-spacer\"><\/div>\n\n\n\n<div class=\"wp-block-group is-style-tableofcontent has-palette-color-1-background-color has-background\"><div class=\"wp-block-group__inner-container is-layout-flow wp-block-group-is-layout-flow\">\n<h2 class=\"has-text-align-center wp-block-heading\">Ekstratekst: Effektive p\u00e5verkarar<\/h2>\n\n\n\n<p>Har du lyst til \u00e5 l\u00e6re meir om skjult reklame fr\u00e5 p\u00e5verkarar? Vil du vite meir om kvifor denne reklamen er s\u00e5 effektiv? D\u00e5 kan du lese meir her. <\/p>\n\n\n\n<div class=\"wp-block-buttons is-content-justification-center is-layout-flex wp-container-core-buttons-is-layout-16018d1d wp-block-buttons-is-layout-flex\">\n<div class=\"wp-block-button\"><a class=\"wp-block-button__link has-palette-color-2-background-color has-background\" href=\"https:\/\/www.reklameskolen.no\/nn\/metoder-medier-og-miljo\/den-usynlige-reklame\/skjult-reklame-i-sosiale-medier\/effektiv-pavirkerreklame\/\">Les meir<\/a><\/div>\n<\/div>\n<\/div><\/div>\n<\/div>\n<\/div>\n\n\n\n<div class=\"wp-block-group alignfull has-palette-color-4-background-color has-background\"><div class=\"wp-block-group__inner-container is-layout-flow wp-block-group-is-layout-flow\">\n<div class=\"wp-block-columns is-layout-flex wp-container-core-columns-is-layout-9d6595d7 wp-block-columns-is-layout-flex\">\n<div class=\"wp-block-column is-layout-flow wp-block-column-is-layout-flow\">\n<div class=\"wp-block-buttons is-layout-flex wp-block-buttons-is-layout-flex\">\n<div class=\"wp-block-button\"><a class=\"wp-block-button__link\" href=\"https:\/\/www.reklameskolen.no\/nn\/metoder-medier-og-miljo\/den-usynlige-reklame\/\">Tilbake til &#8220;Den usynlege reklamen&#8221;<\/a><\/div>\n<\/div>\n<\/div>\n\n\n\n<div class=\"wp-block-column is-layout-flow wp-block-column-is-layout-flow\">\n<div class=\"wp-block-buttons is-horizontal is-content-justification-right is-layout-flex wp-container-core-buttons-is-layout-ae2fe186 wp-block-buttons-is-layout-flex\">\n<div class=\"wp-block-button\"><a class=\"wp-block-button__link\" href=\"https:\/\/www.reklameskolen.no\/nn\/metoder-medier-og-miljo\/den-usynlige-reklame\/krav-til-merking\/\">Vidare til &#8220;Krav til merking&#8221;<\/a><\/div>\n<\/div>\n<\/div>\n<\/div>\n<\/div><\/div>\n\n\n\n<p><\/p>\n","protected":false},"excerpt":{"rendered":"<p>Skjult reklame i sosiale medium I dag bruker vi gjerne sosiale medium b\u00e5de til underhaldning og for \u00e5 finne informasjon. Det er ofte her vi hentar inspirasjon, oppdaterer oss p\u00e5 nye trendar eller finn produktanbefalingar. Det er likevel \u00f2g her mykje av den skjulte reklamen er. I ein jungel av personlege meiningar, og sponsa innlegg [&hellip;]<\/p>\n","protected":false},"author":10,"featured_media":0,"parent":163,"menu_order":2,"comment_status":"closed","ping_status":"closed","template":"","meta":{"_acf_changed":false,"editor_notices":[],"footnotes":""},"class_list":["post-1090","page","type-page","status-publish","hentry"],"acf":[],"yoast_head":"<!-- This site is optimized with the Yoast SEO plugin v25.9 - https:\/\/yoast.com\/wordpress\/plugins\/seo\/ -->\n<title>Skjult reklame i sosiale medium - Reklameskolen - Nynorsk<\/title>\n<meta name=\"robots\" content=\"index, follow, max-snippet:-1, max-image-preview:large, max-video-preview:-1\" \/>\n<link rel=\"canonical\" href=\"https:\/\/www.reklameskolen.no\/nn\/metoder-medier-og-miljo\/den-usynlige-reklame\/skjult-reklame-i-sosiale-medier\/\" \/>\n<meta property=\"og:locale\" content=\"nn_NO\" \/>\n<meta property=\"og:type\" content=\"article\" \/>\n<meta property=\"og:title\" content=\"Skjult reklame i sosiale medium - Reklameskolen - Nynorsk\" \/>\n<meta property=\"og:description\" content=\"Skjult reklame i sosiale medium I dag bruker vi gjerne sosiale medium b\u00e5de til underhaldning og for \u00e5 finne informasjon. Det er ofte her vi hentar inspirasjon, oppdaterer oss p\u00e5 nye trendar eller finn produktanbefalingar. Det er likevel \u00f2g her mykje av den skjulte reklamen er. I ein jungel av personlege meiningar, og sponsa innlegg [&hellip;]\" \/>\n<meta property=\"og:url\" content=\"https:\/\/www.reklameskolen.no\/nn\/metoder-medier-og-miljo\/den-usynlige-reklame\/skjult-reklame-i-sosiale-medier\/\" \/>\n<meta property=\"og:site_name\" content=\"Reklameskolen - Nynorsk\" \/>\n<meta property=\"article:modified_time\" content=\"2022-05-12T19:59:50+00:00\" \/>\n<meta property=\"og:image\" content=\"https:\/\/www.reklameskolen.no\/wp-content\/uploads\/sites\/4\/2022\/02\/Skjult-reklame.jpg\" \/>\n<meta name=\"twitter:card\" content=\"summary_large_image\" \/>\n<meta name=\"twitter:label1\" content=\"Est. reading time\" \/>\n\t<meta name=\"twitter:data1\" content=\"1 minute\" \/>\n<script type=\"application\/ld+json\" class=\"yoast-schema-graph\">{\"@context\":\"https:\/\/schema.org\",\"@graph\":[{\"@type\":\"WebPage\",\"@id\":\"https:\/\/www.reklameskolen.no\/nn\/metoder-medier-og-miljo\/den-usynlige-reklame\/skjult-reklame-i-sosiale-medier\/\",\"url\":\"https:\/\/www.reklameskolen.no\/nn\/metoder-medier-og-miljo\/den-usynlige-reklame\/skjult-reklame-i-sosiale-medier\/\",\"name\":\"Skjult reklame i sosiale medium - Reklameskolen - Nynorsk\",\"isPartOf\":{\"@id\":\"https:\/\/www.reklameskolen.no\/nn\/#website\"},\"primaryImageOfPage\":{\"@id\":\"https:\/\/www.reklameskolen.no\/nn\/metoder-medier-og-miljo\/den-usynlige-reklame\/skjult-reklame-i-sosiale-medier\/#primaryimage\"},\"image\":{\"@id\":\"https:\/\/www.reklameskolen.no\/nn\/metoder-medier-og-miljo\/den-usynlige-reklame\/skjult-reklame-i-sosiale-medier\/#primaryimage\"},\"thumbnailUrl\":\"https:\/\/www.reklameskolen.no\/wp-content\/uploads\/sites\/4\/2022\/02\/Skjult-reklame.jpg\",\"datePublished\":\"2022-02-21T11:20:02+00:00\",\"dateModified\":\"2022-05-12T19:59:50+00:00\",\"breadcrumb\":{\"@id\":\"https:\/\/www.reklameskolen.no\/nn\/metoder-medier-og-miljo\/den-usynlige-reklame\/skjult-reklame-i-sosiale-medier\/#breadcrumb\"},\"inLanguage\":\"nn-NO\",\"potentialAction\":[{\"@type\":\"ReadAction\",\"target\":[\"https:\/\/www.reklameskolen.no\/nn\/metoder-medier-og-miljo\/den-usynlige-reklame\/skjult-reklame-i-sosiale-medier\/\"]}]},{\"@type\":\"ImageObject\",\"inLanguage\":\"nn-NO\",\"@id\":\"https:\/\/www.reklameskolen.no\/nn\/metoder-medier-og-miljo\/den-usynlige-reklame\/skjult-reklame-i-sosiale-medier\/#primaryimage\",\"url\":\"https:\/\/www.reklameskolen.no\/wp-content\/uploads\/sites\/4\/2022\/02\/Skjult-reklame.jpg\",\"contentUrl\":\"https:\/\/www.reklameskolen.no\/wp-content\/uploads\/sites\/4\/2022\/02\/Skjult-reklame.jpg\"},{\"@type\":\"BreadcrumbList\",\"@id\":\"https:\/\/www.reklameskolen.no\/nn\/metoder-medier-og-miljo\/den-usynlige-reklame\/skjult-reklame-i-sosiale-medier\/#breadcrumb\",\"itemListElement\":[{\"@type\":\"ListItem\",\"position\":1,\"name\":\"Home\",\"item\":\"https:\/\/www.reklameskolen.no\/nn\/\"},{\"@type\":\"ListItem\",\"position\":2,\"name\":\"Metodar, medium og milj\u00f8\",\"item\":\"https:\/\/www.reklameskolen.no\/nn\/metoder-medier-og-miljo\/\"},{\"@type\":\"ListItem\",\"position\":3,\"name\":\"Den usynlege reklamen\",\"item\":\"https:\/\/www.reklameskolen.no\/nn\/metoder-medier-og-miljo\/den-usynlige-reklame\/\"},{\"@type\":\"ListItem\",\"position\":4,\"name\":\"Skjult reklame i sosiale medium\"}]},{\"@type\":\"WebSite\",\"@id\":\"https:\/\/www.reklameskolen.no\/nn\/#website\",\"url\":\"https:\/\/www.reklameskolen.no\/nn\/\",\"name\":\"Reklameskolen - Nynorsk\",\"description\":\"Oppl\u00e6ringsverkt\u00f8y om reklame\",\"publisher\":{\"@id\":\"https:\/\/www.reklameskolen.no\/nn\/#organization\"},\"potentialAction\":[{\"@type\":\"SearchAction\",\"target\":{\"@type\":\"EntryPoint\",\"urlTemplate\":\"https:\/\/www.reklameskolen.no\/nn\/?s={search_term_string}\"},\"query-input\":{\"@type\":\"PropertyValueSpecification\",\"valueRequired\":true,\"valueName\":\"search_term_string\"}}],\"inLanguage\":\"nn-NO\"},{\"@type\":\"Organization\",\"@id\":\"https:\/\/www.reklameskolen.no\/nn\/#organization\",\"name\":\"Reklameskolen\",\"url\":\"https:\/\/www.reklameskolen.no\/nn\/\",\"logo\":{\"@type\":\"ImageObject\",\"inLanguage\":\"nn-NO\",\"@id\":\"https:\/\/www.reklameskolen.no\/nn\/#\/schema\/logo\/image\/\",\"url\":\"https:\/\/www.reklameskolen.no\/wp-content\/uploads\/2024\/10\/Reklameskolen-Logo-01.png\",\"contentUrl\":\"https:\/\/www.reklameskolen.no\/wp-content\/uploads\/2024\/10\/Reklameskolen-Logo-01.png\",\"width\":2571,\"height\":950,\"caption\":\"Reklameskolen\"},\"image\":{\"@id\":\"https:\/\/www.reklameskolen.no\/nn\/#\/schema\/logo\/image\/\"}}]}<\/script>\n<!-- \/ Yoast SEO plugin. -->","yoast_head_json":{"title":"Skjult reklame i sosiale medium - Reklameskolen - Nynorsk","robots":{"index":"index","follow":"follow","max-snippet":"max-snippet:-1","max-image-preview":"max-image-preview:large","max-video-preview":"max-video-preview:-1"},"canonical":"https:\/\/www.reklameskolen.no\/nn\/metoder-medier-og-miljo\/den-usynlige-reklame\/skjult-reklame-i-sosiale-medier\/","og_locale":"nn_NO","og_type":"article","og_title":"Skjult reklame i sosiale medium - Reklameskolen - Nynorsk","og_description":"Skjult reklame i sosiale medium I dag bruker vi gjerne sosiale medium b\u00e5de til underhaldning og for \u00e5 finne informasjon. Det er ofte her vi hentar inspirasjon, oppdaterer oss p\u00e5 nye trendar eller finn produktanbefalingar. Det er likevel \u00f2g her mykje av den skjulte reklamen er. I ein jungel av personlege meiningar, og sponsa innlegg [&hellip;]","og_url":"https:\/\/www.reklameskolen.no\/nn\/metoder-medier-og-miljo\/den-usynlige-reklame\/skjult-reklame-i-sosiale-medier\/","og_site_name":"Reklameskolen - Nynorsk","article_modified_time":"2022-05-12T19:59:50+00:00","og_image":[{"url":"https:\/\/www.reklameskolen.no\/wp-content\/uploads\/sites\/4\/2022\/02\/Skjult-reklame.jpg","type":"","width":"","height":""}],"twitter_card":"summary_large_image","twitter_misc":{"Est. reading time":"1 minute"},"schema":{"@context":"https:\/\/schema.org","@graph":[{"@type":"WebPage","@id":"https:\/\/www.reklameskolen.no\/nn\/metoder-medier-og-miljo\/den-usynlige-reklame\/skjult-reklame-i-sosiale-medier\/","url":"https:\/\/www.reklameskolen.no\/nn\/metoder-medier-og-miljo\/den-usynlige-reklame\/skjult-reklame-i-sosiale-medier\/","name":"Skjult reklame i sosiale medium - Reklameskolen - Nynorsk","isPartOf":{"@id":"https:\/\/www.reklameskolen.no\/nn\/#website"},"primaryImageOfPage":{"@id":"https:\/\/www.reklameskolen.no\/nn\/metoder-medier-og-miljo\/den-usynlige-reklame\/skjult-reklame-i-sosiale-medier\/#primaryimage"},"image":{"@id":"https:\/\/www.reklameskolen.no\/nn\/metoder-medier-og-miljo\/den-usynlige-reklame\/skjult-reklame-i-sosiale-medier\/#primaryimage"},"thumbnailUrl":"https:\/\/www.reklameskolen.no\/wp-content\/uploads\/sites\/4\/2022\/02\/Skjult-reklame.jpg","datePublished":"2022-02-21T11:20:02+00:00","dateModified":"2022-05-12T19:59:50+00:00","breadcrumb":{"@id":"https:\/\/www.reklameskolen.no\/nn\/metoder-medier-og-miljo\/den-usynlige-reklame\/skjult-reklame-i-sosiale-medier\/#breadcrumb"},"inLanguage":"nn-NO","potentialAction":[{"@type":"ReadAction","target":["https:\/\/www.reklameskolen.no\/nn\/metoder-medier-og-miljo\/den-usynlige-reklame\/skjult-reklame-i-sosiale-medier\/"]}]},{"@type":"ImageObject","inLanguage":"nn-NO","@id":"https:\/\/www.reklameskolen.no\/nn\/metoder-medier-og-miljo\/den-usynlige-reklame\/skjult-reklame-i-sosiale-medier\/#primaryimage","url":"https:\/\/www.reklameskolen.no\/wp-content\/uploads\/sites\/4\/2022\/02\/Skjult-reklame.jpg","contentUrl":"https:\/\/www.reklameskolen.no\/wp-content\/uploads\/sites\/4\/2022\/02\/Skjult-reklame.jpg"},{"@type":"BreadcrumbList","@id":"https:\/\/www.reklameskolen.no\/nn\/metoder-medier-og-miljo\/den-usynlige-reklame\/skjult-reklame-i-sosiale-medier\/#breadcrumb","itemListElement":[{"@type":"ListItem","position":1,"name":"Home","item":"https:\/\/www.reklameskolen.no\/nn\/"},{"@type":"ListItem","position":2,"name":"Metodar, medium og milj\u00f8","item":"https:\/\/www.reklameskolen.no\/nn\/metoder-medier-og-miljo\/"},{"@type":"ListItem","position":3,"name":"Den usynlege reklamen","item":"https:\/\/www.reklameskolen.no\/nn\/metoder-medier-og-miljo\/den-usynlige-reklame\/"},{"@type":"ListItem","position":4,"name":"Skjult reklame i sosiale medium"}]},{"@type":"WebSite","@id":"https:\/\/www.reklameskolen.no\/nn\/#website","url":"https:\/\/www.reklameskolen.no\/nn\/","name":"Reklameskolen - Nynorsk","description":"Oppl\u00e6ringsverkt\u00f8y om reklame","publisher":{"@id":"https:\/\/www.reklameskolen.no\/nn\/#organization"},"potentialAction":[{"@type":"SearchAction","target":{"@type":"EntryPoint","urlTemplate":"https:\/\/www.reklameskolen.no\/nn\/?s={search_term_string}"},"query-input":{"@type":"PropertyValueSpecification","valueRequired":true,"valueName":"search_term_string"}}],"inLanguage":"nn-NO"},{"@type":"Organization","@id":"https:\/\/www.reklameskolen.no\/nn\/#organization","name":"Reklameskolen","url":"https:\/\/www.reklameskolen.no\/nn\/","logo":{"@type":"ImageObject","inLanguage":"nn-NO","@id":"https:\/\/www.reklameskolen.no\/nn\/#\/schema\/logo\/image\/","url":"https:\/\/www.reklameskolen.no\/wp-content\/uploads\/2024\/10\/Reklameskolen-Logo-01.png","contentUrl":"https:\/\/www.reklameskolen.no\/wp-content\/uploads\/2024\/10\/Reklameskolen-Logo-01.png","width":2571,"height":950,"caption":"Reklameskolen"},"image":{"@id":"https:\/\/www.reklameskolen.no\/nn\/#\/schema\/logo\/image\/"}}]}},"_links":{"self":[{"href":"https:\/\/www.reklameskolen.no\/nn\/wp-json\/wp\/v2\/pages\/1090","targetHints":{"allow":["GET"]}}],"collection":[{"href":"https:\/\/www.reklameskolen.no\/nn\/wp-json\/wp\/v2\/pages"}],"about":[{"href":"https:\/\/www.reklameskolen.no\/nn\/wp-json\/wp\/v2\/types\/page"}],"author":[{"embeddable":true,"href":"https:\/\/www.reklameskolen.no\/nn\/wp-json\/wp\/v2\/users\/10"}],"replies":[{"embeddable":true,"href":"https:\/\/www.reklameskolen.no\/nn\/wp-json\/wp\/v2\/comments?post=1090"}],"version-history":[{"count":39,"href":"https:\/\/www.reklameskolen.no\/nn\/wp-json\/wp\/v2\/pages\/1090\/revisions"}],"predecessor-version":[{"id":3419,"href":"https:\/\/www.reklameskolen.no\/nn\/wp-json\/wp\/v2\/pages\/1090\/revisions\/3419"}],"up":[{"embeddable":true,"href":"https:\/\/www.reklameskolen.no\/nn\/wp-json\/wp\/v2\/pages\/163"}],"wp:attachment":[{"href":"https:\/\/www.reklameskolen.no\/nn\/wp-json\/wp\/v2\/media?parent=1090"}],"curies":[{"name":"wp","href":"https:\/\/api.w.org\/{rel}","templated":true}]}}