{"id":109,"date":"2021-12-03T14:36:57","date_gmt":"2021-12-03T13:36:57","guid":{"rendered":"http:\/\/www.reklameskolen.no\/?page_id=109"},"modified":"2022-05-13T06:33:14","modified_gmt":"2022-05-13T04:33:14","slug":"metoder-medier-og-miljo","status":"publish","type":"page","link":"https:\/\/www.reklameskolen.no\/nn\/metoder-medier-og-miljo\/","title":{"rendered":"Metodar, medium og milj\u00f8"},"content":{"rendered":"\n<div class=\"wp-block-cover alignfull is-light has-parallax\" style=\"background-image:url(https:\/\/www.reklameskolen.no\/wp-content\/uploads\/sites\/4\/2021\/12\/joshua-earle-X_roZ7toBJY-unsplash-scaled.jpg);min-height:100vh;aspect-ratio:unset;\"><span aria-hidden=\"true\" class=\"wp-block-cover__gradient-background has-background-dim\"><\/span><div class=\"wp-block-cover__inner-container is-layout-flow wp-block-cover-is-layout-flow\">\n<div style=\"height:100px\" aria-hidden=\"true\" class=\"wp-block-spacer\"><\/div>\n\n\n\n<h1 class=\"has-text-align-center has-palette-color-8-color has-text-color wp-block-heading\" id=\"metoder-medier-og-miljo\">Metodar, medium og milj\u00f8<\/h1>\n\n\n\n<p class=\"has-palette-color-8-color has-text-color has-medium-font-size\">I denne delen g\u00e5r vi inn p\u00e5 nokre spesifikke tema innanfor reklame. Her vil du l\u00e6re meir om marknadsf\u00f8ring fra p\u00e5verkarar, personretta reklame, og klima- og milj\u00f8p\u00e5standar i marknadsf\u00f8ring. Ikkje minst vil du i denne delen l\u00e6re meir om skjult reklame \u2013 slik at du forh\u00e5pentlegvis kjenner han betre igjen n\u00e5r du scroller p\u00e5 sosiale medium!<\/p>\n\n\n\n<div style=\"height:100px\" aria-hidden=\"true\" class=\"wp-block-spacer\"><\/div>\n\n\n\n<div class=\"wp-block-group is-style-tableofcontent\"><div class=\"wp-block-group__inner-container is-layout-flow wp-block-group-is-layout-flow\">\n<h2 class=\"wp-block-heading\" id=\"innhold\">Innhald<\/h2>\n\n\n\n<ul class=\"wp-block-list\"><li><a href=\"https:\/\/www.reklameskolen.no\/nn\/metoder-medier-og-miljo\/pavirkere-og-sosiale-medier\/\">P\u00e5verkarar og sosiale medium<\/a><\/li><li><a href=\"https:\/\/www.reklameskolen.no\/nn\/metoder-medier-og-miljo\/den-usynlige-reklame\/\">Den usynlege reklamen<\/a><\/li><li><a href=\"https:\/\/www.reklameskolen.no\/nn\/metoder-medier-og-miljo\/personrettet-overvakningsbasert-markedsforing\/\">Personretta\/overvakingsbasert marknadsf\u00f8ring<\/a><\/li><li><a href=\"https:\/\/www.reklameskolen.no\/nn\/metoder-medier-og-miljo\/barn-og-unge-som-malgruppe\/\">Barn og unge som m\u00e5lgruppe<\/a><\/li><li><a href=\"https:\/\/www.reklameskolen.no\/nn\/reklame-i-spill\/\">Reklame i spel<\/a><\/li><li><a href=\"https:\/\/www.reklameskolen.no\/nn\/metoder-medier-og-miljo\/baerekraft\/\">Klima og milj\u00f8<\/a><\/li><li><\/li><\/ul>\n<\/div><\/div>\n\n\n\n<div style=\"height:100px\" aria-hidden=\"true\" class=\"wp-block-spacer\"><\/div>\n<\/div><\/div>\n\n\n\n\n\n<p><\/p>\n","protected":false},"excerpt":{"rendered":"","protected":false},"author":1,"featured_media":0,"parent":0,"menu_order":2,"comment_status":"closed","ping_status":"closed","template":"","meta":{"_acf_changed":false,"editor_notices":[],"footnotes":""},"class_list":["post-109","page","type-page","status-publish","hentry"],"acf":[],"yoast_head":"<!-- This site is optimized with the Yoast SEO plugin v25.9 - https:\/\/yoast.com\/wordpress\/plugins\/seo\/ -->\n<title>Metodar, medium og milj\u00f8 - Reklameskolen - Nynorsk<\/title>\n<meta name=\"robots\" content=\"index, follow, max-snippet:-1, max-image-preview:large, max-video-preview:-1\" \/>\n<link rel=\"canonical\" href=\"https:\/\/www.reklameskolen.no\/nn\/metoder-medier-og-miljo\/\" \/>\n<meta property=\"og:locale\" content=\"nn_NO\" \/>\n<meta property=\"og:type\" content=\"article\" \/>\n<meta property=\"og:title\" content=\"Metodar, medium og milj\u00f8 - Reklameskolen - Nynorsk\" \/>\n<meta property=\"og:url\" content=\"https:\/\/www.reklameskolen.no\/nn\/metoder-medier-og-miljo\/\" \/>\n<meta property=\"og:site_name\" content=\"Reklameskolen - Nynorsk\" \/>\n<meta property=\"article:modified_time\" content=\"2022-05-13T04:33:14+00:00\" \/>\n<meta name=\"twitter:card\" content=\"summary_large_image\" \/>\n<script type=\"application\/ld+json\" class=\"yoast-schema-graph\">{\"@context\":\"https:\/\/schema.org\",\"@graph\":[{\"@type\":\"WebPage\",\"@id\":\"https:\/\/www.reklameskolen.no\/nn\/metoder-medier-og-miljo\/\",\"url\":\"https:\/\/www.reklameskolen.no\/nn\/metoder-medier-og-miljo\/\",\"name\":\"Metodar, medium og milj\u00f8 - Reklameskolen - Nynorsk\",\"isPartOf\":{\"@id\":\"https:\/\/www.reklameskolen.no\/nn\/#website\"},\"datePublished\":\"2021-12-03T13:36:57+00:00\",\"dateModified\":\"2022-05-13T04:33:14+00:00\",\"breadcrumb\":{\"@id\":\"https:\/\/www.reklameskolen.no\/nn\/metoder-medier-og-miljo\/#breadcrumb\"},\"inLanguage\":\"nn-NO\",\"potentialAction\":[{\"@type\":\"ReadAction\",\"target\":[\"https:\/\/www.reklameskolen.no\/nn\/metoder-medier-og-miljo\/\"]}]},{\"@type\":\"BreadcrumbList\",\"@id\":\"https:\/\/www.reklameskolen.no\/nn\/metoder-medier-og-miljo\/#breadcrumb\",\"itemListElement\":[{\"@type\":\"ListItem\",\"position\":1,\"name\":\"Home\",\"item\":\"https:\/\/www.reklameskolen.no\/nn\/\"},{\"@type\":\"ListItem\",\"position\":2,\"name\":\"Metodar, medium og milj\u00f8\"}]},{\"@type\":\"WebSite\",\"@id\":\"https:\/\/www.reklameskolen.no\/nn\/#website\",\"url\":\"https:\/\/www.reklameskolen.no\/nn\/\",\"name\":\"Reklameskolen - Nynorsk\",\"description\":\"Oppl\u00e6ringsverkt\u00f8y om reklame\",\"publisher\":{\"@id\":\"https:\/\/www.reklameskolen.no\/nn\/#organization\"},\"potentialAction\":[{\"@type\":\"SearchAction\",\"target\":{\"@type\":\"EntryPoint\",\"urlTemplate\":\"https:\/\/www.reklameskolen.no\/nn\/?s={search_term_string}\"},\"query-input\":{\"@type\":\"PropertyValueSpecification\",\"valueRequired\":true,\"valueName\":\"search_term_string\"}}],\"inLanguage\":\"nn-NO\"},{\"@type\":\"Organization\",\"@id\":\"https:\/\/www.reklameskolen.no\/nn\/#organization\",\"name\":\"Reklameskolen\",\"url\":\"https:\/\/www.reklameskolen.no\/nn\/\",\"logo\":{\"@type\":\"ImageObject\",\"inLanguage\":\"nn-NO\",\"@id\":\"https:\/\/www.reklameskolen.no\/nn\/#\/schema\/logo\/image\/\",\"url\":\"https:\/\/www.reklameskolen.no\/wp-content\/uploads\/2024\/10\/Reklameskolen-Logo-01.png\",\"contentUrl\":\"https:\/\/www.reklameskolen.no\/wp-content\/uploads\/2024\/10\/Reklameskolen-Logo-01.png\",\"width\":2571,\"height\":950,\"caption\":\"Reklameskolen\"},\"image\":{\"@id\":\"https:\/\/www.reklameskolen.no\/nn\/#\/schema\/logo\/image\/\"}}]}<\/script>\n<!-- \/ Yoast SEO plugin. -->","yoast_head_json":{"title":"Metodar, medium og milj\u00f8 - Reklameskolen - Nynorsk","robots":{"index":"index","follow":"follow","max-snippet":"max-snippet:-1","max-image-preview":"max-image-preview:large","max-video-preview":"max-video-preview:-1"},"canonical":"https:\/\/www.reklameskolen.no\/nn\/metoder-medier-og-miljo\/","og_locale":"nn_NO","og_type":"article","og_title":"Metodar, medium og milj\u00f8 - Reklameskolen - Nynorsk","og_url":"https:\/\/www.reklameskolen.no\/nn\/metoder-medier-og-miljo\/","og_site_name":"Reklameskolen - Nynorsk","article_modified_time":"2022-05-13T04:33:14+00:00","twitter_card":"summary_large_image","schema":{"@context":"https:\/\/schema.org","@graph":[{"@type":"WebPage","@id":"https:\/\/www.reklameskolen.no\/nn\/metoder-medier-og-miljo\/","url":"https:\/\/www.reklameskolen.no\/nn\/metoder-medier-og-miljo\/","name":"Metodar, medium og milj\u00f8 - Reklameskolen - Nynorsk","isPartOf":{"@id":"https:\/\/www.reklameskolen.no\/nn\/#website"},"datePublished":"2021-12-03T13:36:57+00:00","dateModified":"2022-05-13T04:33:14+00:00","breadcrumb":{"@id":"https:\/\/www.reklameskolen.no\/nn\/metoder-medier-og-miljo\/#breadcrumb"},"inLanguage":"nn-NO","potentialAction":[{"@type":"ReadAction","target":["https:\/\/www.reklameskolen.no\/nn\/metoder-medier-og-miljo\/"]}]},{"@type":"BreadcrumbList","@id":"https:\/\/www.reklameskolen.no\/nn\/metoder-medier-og-miljo\/#breadcrumb","itemListElement":[{"@type":"ListItem","position":1,"name":"Home","item":"https:\/\/www.reklameskolen.no\/nn\/"},{"@type":"ListItem","position":2,"name":"Metodar, medium og milj\u00f8"}]},{"@type":"WebSite","@id":"https:\/\/www.reklameskolen.no\/nn\/#website","url":"https:\/\/www.reklameskolen.no\/nn\/","name":"Reklameskolen - Nynorsk","description":"Oppl\u00e6ringsverkt\u00f8y om reklame","publisher":{"@id":"https:\/\/www.reklameskolen.no\/nn\/#organization"},"potentialAction":[{"@type":"SearchAction","target":{"@type":"EntryPoint","urlTemplate":"https:\/\/www.reklameskolen.no\/nn\/?s={search_term_string}"},"query-input":{"@type":"PropertyValueSpecification","valueRequired":true,"valueName":"search_term_string"}}],"inLanguage":"nn-NO"},{"@type":"Organization","@id":"https:\/\/www.reklameskolen.no\/nn\/#organization","name":"Reklameskolen","url":"https:\/\/www.reklameskolen.no\/nn\/","logo":{"@type":"ImageObject","inLanguage":"nn-NO","@id":"https:\/\/www.reklameskolen.no\/nn\/#\/schema\/logo\/image\/","url":"https:\/\/www.reklameskolen.no\/wp-content\/uploads\/2024\/10\/Reklameskolen-Logo-01.png","contentUrl":"https:\/\/www.reklameskolen.no\/wp-content\/uploads\/2024\/10\/Reklameskolen-Logo-01.png","width":2571,"height":950,"caption":"Reklameskolen"},"image":{"@id":"https:\/\/www.reklameskolen.no\/nn\/#\/schema\/logo\/image\/"}}]}},"_links":{"self":[{"href":"https:\/\/www.reklameskolen.no\/nn\/wp-json\/wp\/v2\/pages\/109","targetHints":{"allow":["GET"]}}],"collection":[{"href":"https:\/\/www.reklameskolen.no\/nn\/wp-json\/wp\/v2\/pages"}],"about":[{"href":"https:\/\/www.reklameskolen.no\/nn\/wp-json\/wp\/v2\/types\/page"}],"author":[{"embeddable":true,"href":"https:\/\/www.reklameskolen.no\/nn\/wp-json\/wp\/v2\/users\/1"}],"replies":[{"embeddable":true,"href":"https:\/\/www.reklameskolen.no\/nn\/wp-json\/wp\/v2\/comments?post=109"}],"version-history":[{"count":26,"href":"https:\/\/www.reklameskolen.no\/nn\/wp-json\/wp\/v2\/pages\/109\/revisions"}],"predecessor-version":[{"id":3451,"href":"https:\/\/www.reklameskolen.no\/nn\/wp-json\/wp\/v2\/pages\/109\/revisions\/3451"}],"wp:attachment":[{"href":"https:\/\/www.reklameskolen.no\/nn\/wp-json\/wp\/v2\/media?parent=109"}],"curies":[{"name":"wp","href":"https:\/\/api.w.org\/{rel}","templated":true}]}}