{"id":4362,"date":"2023-04-26T18:28:50","date_gmt":"2023-04-26T16:28:50","guid":{"rendered":"https:\/\/www.reklameskolen.no\/barneskole\/?page_id=3521"},"modified":"2023-07-27T13:04:17","modified_gmt":"2023-07-27T11:04:17","slug":"for-laerere","status":"publish","type":"page","link":"https:\/\/www.reklameskolen.no\/barneskole\/nn\/for-laerere\/","title":{"rendered":"For l\u00e6rere"},"content":{"rendered":"\n<figure class=\"wp-block-image aligncenter size-full\"><img loading=\"lazy\" decoding=\"async\" width=\"4000\" height=\"2250\" src=\"https:\/\/www.reklameskolen.no\/barneskole\/nn\/files\/2023\/04\/Eksempelbilde-169-2.png\" alt=\"Her er det et eksempelbilde som viser forholdet 167:9\" class=\"wp-image-3401\" srcset=\"https:\/\/www.reklameskolen.no\/barneskole\/nn\/files\/2023\/04\/Eksempelbilde-169-2.png 4000w, https:\/\/www.reklameskolen.no\/barneskole\/nn\/files\/2023\/04\/Eksempelbilde-169-2-300x169.png 300w, https:\/\/www.reklameskolen.no\/barneskole\/nn\/files\/2023\/04\/Eksempelbilde-169-2-1024x576.png 1024w, https:\/\/www.reklameskolen.no\/barneskole\/nn\/files\/2023\/04\/Eksempelbilde-169-2-768x432.png 768w, https:\/\/www.reklameskolen.no\/barneskole\/nn\/files\/2023\/04\/Eksempelbilde-169-2-1536x864.png 1536w, https:\/\/www.reklameskolen.no\/barneskole\/nn\/files\/2023\/04\/Eksempelbilde-169-2-2048x1152.png 2048w, https:\/\/www.reklameskolen.no\/barneskole\/nn\/files\/2023\/04\/Eksempelbilde-169-2-150x84.png 150w\" sizes=\"auto, (max-width: 4000px) 100vw, 4000px\" \/><\/figure>\n\n\n\n<h1 class=\"wp-block-heading has-text-align-left\">Standardtittel<\/h1>\n\n\n\n<div class=\"wp-block-columns is-layout-flex wp-container-core-columns-is-layout-28f84493 wp-block-columns-is-layout-flex\">\n<div class=\"wp-block-column is-layout-flow wp-block-column-is-layout-flow\" style=\"flex-basis:67%\">\n<p>Reklame er betalt kommunikasjon om en vare eller tjeneste. Det betyr at noen tjener penger p\u00e5 \u00e5 fortelle om akkurat dette produktet.<\/p>\n\n\n\n<p>Reklame handler om \u00e5 vise fram eller fortelle om et produkt p\u00e5 en m\u00e5te som gj\u00f8r at flest mulig f\u00e5r vite om det. M\u00e5let er \u00e5 skape interesse og oppmerksomhet rundt produktet. Slik kan reklamen bidra til at flest mulig kj\u00f8per akkurat dette produktet.<\/p>\n\n\n\n<h2 class=\"wp-block-heading\">Undertittel<\/h2>\n\n\n\n<p>Reklamen forteller gjerne om produktet og hvor bra det er. Men de som lager reklame kan bruke mange forskjellige virkemidler for \u00e5 p\u00e5virke folks tanker, holdninger og handlinger. B\u00e5de ord, bilder, lyd, lys, musikk og tekst kan for eksempel v\u00e6re med p\u00e5 \u00e5 p\u00e5virke hva vi tenker og f\u00f8ler, hva vi gj\u00f8r, og hva vi kj\u00f8per.<\/p>\n<\/div>\n\n\n\n<div class=\"wp-block-column is-layout-flow wp-block-column-is-layout-flow\" style=\"flex-basis:33.33%\">\n<div class=\"wp-block-group is-style-fact-box is-layout-flow wp-block-group-is-layout-flow\">\n<h2 class=\"wp-block-heading has-palette-color-8-color has-text-color\">Definisjon<\/h2>\n\n\n\n<p><strong>Dette <\/strong>er en ordforklaring. Den kan godt v\u00e6re litt lenger uten at det gj\u00f8r noe. Hvis man ikke skal ha med noen s\u00e5nn boks, m\u00e5 br\u00f8dteksten ligge for seg, ikke i kolonne.<\/p>\n<\/div>\n\n\n\n<div style=\"height:50px\" aria-hidden=\"true\" class=\"wp-block-spacer\"><\/div>\n\n\n\n<div style=\"height:50px\" aria-hidden=\"true\" class=\"wp-block-spacer\"><\/div>\n<\/div>\n<\/div>\n\n\n\n<div class=\"wp-block-group alignfull has-palette-color-4-background-color has-background is-layout-flow wp-block-group-is-layout-flow\">\n<div class=\"wp-block-columns is-layout-flex wp-container-core-columns-is-layout-28f84493 wp-block-columns-is-layout-flex\">\n<div class=\"wp-block-column is-layout-flow wp-block-column-is-layout-flow\">\n<div class=\"wp-block-buttons is-content-justification-right is-layout-flex wp-container-core-buttons-is-layout-d445cf74 wp-block-buttons-is-layout-flex\">\n<div class=\"wp-block-button\"><a class=\"wp-block-button__link wp-element-button\" href=\"https:\/\/www.reklameskolen.no\/reklamen-og-oss\/\">Tilbake til Forrige side&#8221;<\/a><\/div>\n<\/div>\n<\/div>\n\n\n\n<div class=\"wp-block-column is-layout-flow wp-block-column-is-layout-flow\">\n<div class=\"wp-block-buttons is-horizontal is-content-justification-left is-layout-flex wp-container-core-buttons-is-layout-20be11b6 wp-block-buttons-is-layout-flex\">\n<div class=\"wp-block-button\"><a class=\"wp-block-button__link wp-element-button\" href=\"https:\/\/www.reklameskolen.no\/reklamen-og-oss\/hva-er-reklame\/hva-er-reklame-del-2\/\">Videre til &#8220;Neste side&#8221;<\/a><\/div>\n<\/div>\n<\/div>\n<\/div>\n<\/div>\n","protected":false},"excerpt":{"rendered":"<p>Standardtittel Reklame er betalt kommunikasjon om en vare eller tjeneste. Det betyr at noen tjener penger p\u00e5 \u00e5 fortelle om akkurat dette produktet. Reklame handler om \u00e5 vise fram eller fortelle om et produkt p\u00e5 en m\u00e5te som gj\u00f8r at flest mulig f\u00e5r vite om det. M\u00e5let er \u00e5 skape interesse og oppmerksomhet rundt produktet. [&hellip;]<\/p>\n","protected":false},"author":1,"featured_media":0,"parent":0,"menu_order":50,"comment_status":"closed","ping_status":"closed","template":"","meta":{"_acf_changed":false,"editor_notices":[],"footnotes":""},"class_list":["post-4362","page","type-page","status-publish","hentry"],"blocksy_meta":[],"acf":[],"yoast_head":"<!-- This site is optimized with the Yoast SEO plugin v25.9 - https:\/\/yoast.com\/wordpress\/plugins\/seo\/ -->\n<title>For l\u00e6rere - Barneskole - Nynorsk<\/title>\n<meta name=\"robots\" content=\"index, follow, max-snippet:-1, max-image-preview:large, max-video-preview:-1\" \/>\n<link rel=\"canonical\" href=\"https:\/\/www.reklameskolen.no\/barneskole\/nn\/for-laerere\/\" \/>\n<meta property=\"og:locale\" content=\"nn_NO\" \/>\n<meta property=\"og:type\" content=\"article\" \/>\n<meta property=\"og:title\" content=\"For l\u00e6rere - Barneskole - Nynorsk\" \/>\n<meta property=\"og:description\" content=\"Standardtittel Reklame er betalt kommunikasjon om en vare eller tjeneste. Det betyr at noen tjener penger p\u00e5 \u00e5 fortelle om akkurat dette produktet. Reklame handler om \u00e5 vise fram eller fortelle om et produkt p\u00e5 en m\u00e5te som gj\u00f8r at flest mulig f\u00e5r vite om det. M\u00e5let er \u00e5 skape interesse og oppmerksomhet rundt produktet. [&hellip;]\" \/>\n<meta property=\"og:url\" content=\"https:\/\/www.reklameskolen.no\/barneskole\/nn\/for-laerere\/\" \/>\n<meta property=\"og:site_name\" content=\"Barneskole - Nynorsk\" \/>\n<meta property=\"article:modified_time\" content=\"2023-07-27T11:04:17+00:00\" \/>\n<meta property=\"og:image\" content=\"https:\/\/www.reklameskolen.no\/barneskole\/nn\/files\/2023\/04\/Eksempelbilde-169-2.png\" \/>\n<meta name=\"twitter:card\" content=\"summary_large_image\" \/>\n<meta name=\"twitter:label1\" content=\"Est. reading time\" \/>\n\t<meta name=\"twitter:data1\" content=\"1 minute\" \/>\n<script type=\"application\/ld+json\" class=\"yoast-schema-graph\">{\"@context\":\"https:\/\/schema.org\",\"@graph\":[{\"@type\":\"WebPage\",\"@id\":\"https:\/\/www.reklameskolen.no\/barneskole\/nn\/for-laerere\/\",\"url\":\"https:\/\/www.reklameskolen.no\/barneskole\/nn\/for-laerere\/\",\"name\":\"For l\u00e6rere - Barneskole - Nynorsk\",\"isPartOf\":{\"@id\":\"https:\/\/www.reklameskolen.no\/barneskole\/nn\/#website\"},\"primaryImageOfPage\":{\"@id\":\"https:\/\/www.reklameskolen.no\/barneskole\/nn\/for-laerere\/#primaryimage\"},\"image\":{\"@id\":\"https:\/\/www.reklameskolen.no\/barneskole\/nn\/for-laerere\/#primaryimage\"},\"thumbnailUrl\":\"https:\/\/www.reklameskolen.no\/barneskole\/nn\/files\/2023\/04\/Eksempelbilde-169-2.png\",\"datePublished\":\"2023-04-26T16:28:50+00:00\",\"dateModified\":\"2023-07-27T11:04:17+00:00\",\"breadcrumb\":{\"@id\":\"https:\/\/www.reklameskolen.no\/barneskole\/nn\/for-laerere\/#breadcrumb\"},\"inLanguage\":\"nn-NO\",\"potentialAction\":[{\"@type\":\"ReadAction\",\"target\":[\"https:\/\/www.reklameskolen.no\/barneskole\/nn\/for-laerere\/\"]}]},{\"@type\":\"ImageObject\",\"inLanguage\":\"nn-NO\",\"@id\":\"https:\/\/www.reklameskolen.no\/barneskole\/nn\/for-laerere\/#primaryimage\",\"url\":\"https:\/\/www.reklameskolen.no\/wp-content\/uploads\/2023\/04\/Eksempelbilde-169.png\",\"contentUrl\":\"https:\/\/www.reklameskolen.no\/wp-content\/uploads\/2023\/04\/Eksempelbilde-169.png\",\"width\":4000,\"height\":2250,\"caption\":\"Her er det et eksempelbilde som viser forholdet 167:9\"},{\"@type\":\"BreadcrumbList\",\"@id\":\"https:\/\/www.reklameskolen.no\/barneskole\/nn\/for-laerere\/#breadcrumb\",\"itemListElement\":[{\"@type\":\"ListItem\",\"position\":1,\"name\":\"Home\",\"item\":\"https:\/\/www.reklameskolen.no\/barneskole\/nn\/\"},{\"@type\":\"ListItem\",\"position\":2,\"name\":\"For l\u00e6rere\"}]},{\"@type\":\"WebSite\",\"@id\":\"https:\/\/www.reklameskolen.no\/barneskole\/nn\/#website\",\"url\":\"https:\/\/www.reklameskolen.no\/barneskole\/nn\/\",\"name\":\"Barneskole - Nynorsk\",\"description\":\"Oppl\u00e6ringsverkt\u00f8y om reklame\",\"publisher\":{\"@id\":\"https:\/\/www.reklameskolen.no\/barneskole\/nn\/#organization\"},\"potentialAction\":[{\"@type\":\"SearchAction\",\"target\":{\"@type\":\"EntryPoint\",\"urlTemplate\":\"https:\/\/www.reklameskolen.no\/barneskole\/nn\/?s={search_term_string}\"},\"query-input\":{\"@type\":\"PropertyValueSpecification\",\"valueRequired\":true,\"valueName\":\"search_term_string\"}}],\"inLanguage\":\"nn-NO\"},{\"@type\":\"Organization\",\"@id\":\"https:\/\/www.reklameskolen.no\/barneskole\/nn\/#organization\",\"name\":\"Barneskole - Nynorsk\",\"url\":\"https:\/\/www.reklameskolen.no\/barneskole\/nn\/\",\"logo\":{\"@type\":\"ImageObject\",\"inLanguage\":\"nn-NO\",\"@id\":\"https:\/\/www.reklameskolen.no\/barneskole\/nn\/#\/schema\/logo\/image\/\",\"url\":\"https:\/\/www.reklameskolen.no\/wp-content\/uploads\/2023\/08\/Reklameskolen-Logo-01.png\",\"contentUrl\":\"https:\/\/www.reklameskolen.no\/wp-content\/uploads\/2023\/08\/Reklameskolen-Logo-01.png\",\"caption\":\"Barneskole - Nynorsk\"},\"image\":{\"@id\":\"https:\/\/www.reklameskolen.no\/barneskole\/nn\/#\/schema\/logo\/image\/\"}}]}<\/script>\n<!-- \/ Yoast SEO plugin. -->","yoast_head_json":{"title":"For l\u00e6rere - Barneskole - Nynorsk","robots":{"index":"index","follow":"follow","max-snippet":"max-snippet:-1","max-image-preview":"max-image-preview:large","max-video-preview":"max-video-preview:-1"},"canonical":"https:\/\/www.reklameskolen.no\/barneskole\/nn\/for-laerere\/","og_locale":"nn_NO","og_type":"article","og_title":"For l\u00e6rere - Barneskole - Nynorsk","og_description":"Standardtittel Reklame er betalt kommunikasjon om en vare eller tjeneste. Det betyr at noen tjener penger p\u00e5 \u00e5 fortelle om akkurat dette produktet. Reklame handler om \u00e5 vise fram eller fortelle om et produkt p\u00e5 en m\u00e5te som gj\u00f8r at flest mulig f\u00e5r vite om det. M\u00e5let er \u00e5 skape interesse og oppmerksomhet rundt produktet. [&hellip;]","og_url":"https:\/\/www.reklameskolen.no\/barneskole\/nn\/for-laerere\/","og_site_name":"Barneskole - Nynorsk","article_modified_time":"2023-07-27T11:04:17+00:00","og_image":[{"url":"https:\/\/www.reklameskolen.no\/barneskole\/nn\/files\/2023\/04\/Eksempelbilde-169-2.png","type":"","width":"","height":""}],"twitter_card":"summary_large_image","twitter_misc":{"Est. reading time":"1 minute"},"schema":{"@context":"https:\/\/schema.org","@graph":[{"@type":"WebPage","@id":"https:\/\/www.reklameskolen.no\/barneskole\/nn\/for-laerere\/","url":"https:\/\/www.reklameskolen.no\/barneskole\/nn\/for-laerere\/","name":"For l\u00e6rere - Barneskole - Nynorsk","isPartOf":{"@id":"https:\/\/www.reklameskolen.no\/barneskole\/nn\/#website"},"primaryImageOfPage":{"@id":"https:\/\/www.reklameskolen.no\/barneskole\/nn\/for-laerere\/#primaryimage"},"image":{"@id":"https:\/\/www.reklameskolen.no\/barneskole\/nn\/for-laerere\/#primaryimage"},"thumbnailUrl":"https:\/\/www.reklameskolen.no\/barneskole\/nn\/files\/2023\/04\/Eksempelbilde-169-2.png","datePublished":"2023-04-26T16:28:50+00:00","dateModified":"2023-07-27T11:04:17+00:00","breadcrumb":{"@id":"https:\/\/www.reklameskolen.no\/barneskole\/nn\/for-laerere\/#breadcrumb"},"inLanguage":"nn-NO","potentialAction":[{"@type":"ReadAction","target":["https:\/\/www.reklameskolen.no\/barneskole\/nn\/for-laerere\/"]}]},{"@type":"ImageObject","inLanguage":"nn-NO","@id":"https:\/\/www.reklameskolen.no\/barneskole\/nn\/for-laerere\/#primaryimage","url":"https:\/\/www.reklameskolen.no\/wp-content\/uploads\/2023\/04\/Eksempelbilde-169.png","contentUrl":"https:\/\/www.reklameskolen.no\/wp-content\/uploads\/2023\/04\/Eksempelbilde-169.png","width":4000,"height":2250,"caption":"Her er det et eksempelbilde som viser forholdet 167:9"},{"@type":"BreadcrumbList","@id":"https:\/\/www.reklameskolen.no\/barneskole\/nn\/for-laerere\/#breadcrumb","itemListElement":[{"@type":"ListItem","position":1,"name":"Home","item":"https:\/\/www.reklameskolen.no\/barneskole\/nn\/"},{"@type":"ListItem","position":2,"name":"For l\u00e6rere"}]},{"@type":"WebSite","@id":"https:\/\/www.reklameskolen.no\/barneskole\/nn\/#website","url":"https:\/\/www.reklameskolen.no\/barneskole\/nn\/","name":"Barneskole - Nynorsk","description":"Oppl\u00e6ringsverkt\u00f8y om reklame","publisher":{"@id":"https:\/\/www.reklameskolen.no\/barneskole\/nn\/#organization"},"potentialAction":[{"@type":"SearchAction","target":{"@type":"EntryPoint","urlTemplate":"https:\/\/www.reklameskolen.no\/barneskole\/nn\/?s={search_term_string}"},"query-input":{"@type":"PropertyValueSpecification","valueRequired":true,"valueName":"search_term_string"}}],"inLanguage":"nn-NO"},{"@type":"Organization","@id":"https:\/\/www.reklameskolen.no\/barneskole\/nn\/#organization","name":"Barneskole - Nynorsk","url":"https:\/\/www.reklameskolen.no\/barneskole\/nn\/","logo":{"@type":"ImageObject","inLanguage":"nn-NO","@id":"https:\/\/www.reklameskolen.no\/barneskole\/nn\/#\/schema\/logo\/image\/","url":"https:\/\/www.reklameskolen.no\/wp-content\/uploads\/2023\/08\/Reklameskolen-Logo-01.png","contentUrl":"https:\/\/www.reklameskolen.no\/wp-content\/uploads\/2023\/08\/Reklameskolen-Logo-01.png","caption":"Barneskole - Nynorsk"},"image":{"@id":"https:\/\/www.reklameskolen.no\/barneskole\/nn\/#\/schema\/logo\/image\/"}}]}},"_links":{"self":[{"href":"https:\/\/www.reklameskolen.no\/barneskole\/nn\/wp-json\/wp\/v2\/pages\/4362","targetHints":{"allow":["GET"]}}],"collection":[{"href":"https:\/\/www.reklameskolen.no\/barneskole\/nn\/wp-json\/wp\/v2\/pages"}],"about":[{"href":"https:\/\/www.reklameskolen.no\/barneskole\/nn\/wp-json\/wp\/v2\/types\/page"}],"author":[{"embeddable":true,"href":"https:\/\/www.reklameskolen.no\/barneskole\/nn\/wp-json\/wp\/v2\/users\/1"}],"replies":[{"embeddable":true,"href":"https:\/\/www.reklameskolen.no\/barneskole\/nn\/wp-json\/wp\/v2\/comments?post=4362"}],"version-history":[{"count":2,"href":"https:\/\/www.reklameskolen.no\/barneskole\/nn\/wp-json\/wp\/v2\/pages\/4362\/revisions"}],"predecessor-version":[{"id":4630,"href":"https:\/\/www.reklameskolen.no\/barneskole\/nn\/wp-json\/wp\/v2\/pages\/4362\/revisions\/4630"}],"wp:attachment":[{"href":"https:\/\/www.reklameskolen.no\/barneskole\/nn\/wp-json\/wp\/v2\/media?parent=4362"}],"curies":[{"name":"wp","href":"https:\/\/api.w.org\/{rel}","templated":true}]}}