{"id":3551,"date":"2023-04-26T18:44:38","date_gmt":"2023-04-26T16:44:38","guid":{"rendered":"https:\/\/www.reklameskolen.no\/barneskole\/?page_id=3551"},"modified":"2023-07-27T14:48:22","modified_gmt":"2023-07-27T12:48:22","slug":"i-butikken","status":"publish","type":"page","link":"https:\/\/www.reklameskolen.no\/barneskole\/nn\/i-butikken\/","title":{"rendered":"I butikken"},"content":{"rendered":"\n<figure class=\"wp-block-embed is-type-video is-provider-youtube wp-block-embed-youtube wp-embed-aspect-16-9 wp-has-aspect-ratio\"><div class=\"wp-block-embed__wrapper\">\n<iframe loading=\"lazy\" title=\"Reklameskolen: Hva er reklame?\" width=\"1280\" height=\"720\" src=\"https:\/\/www.youtube.com\/embed\/oY0zUHksRYY?feature=oembed\" frameborder=\"0\" allow=\"accelerometer; autoplay; clipboard-write; encrypted-media; gyroscope; picture-in-picture; web-share\" allowfullscreen><\/iframe>\n<\/div><\/figure>\n\n\n\n<p>Her kan det ligge en forklarende tekst, men den b\u00f8r v\u00e6re veldig kort. Antakelig ikke noe s\u00e6rlig mer enn to linjer. Jaja, man kan jo f\u00e5 sagt en god del p\u00e5 to linjer. I hvert fall hvis man veit hva man driver med. Og det gj\u00f8re vi jo. I hvertfall litt&#8230;<\/p>\n\n\n\n<div class=\"wp-block-group alignfull has-palette-color-4-background-color has-background is-layout-flow wp-block-group-is-layout-flow\">\n<div class=\"wp-block-columns is-layout-flex wp-container-core-columns-is-layout-28f84493 wp-block-columns-is-layout-flex\">\n<div class=\"wp-block-column is-layout-flow wp-block-column-is-layout-flow\">\n<div class=\"wp-block-buttons is-content-justification-right is-layout-flex wp-container-core-buttons-is-layout-d445cf74 wp-block-buttons-is-layout-flex\">\n<div class=\"wp-block-button\"><a class=\"wp-block-button__link wp-element-button\" href=\"https:\/\/www.reklameskolen.no\/barneskole\/reklame-i-hverdagen\/reklame-overalt\/i-butikken\/tekst\/\">Tilbake til &#8220;Hvilke produkter er plassert?&#8221;<\/a><\/div>\n<\/div>\n<\/div>\n\n\n\n<div class=\"wp-block-column is-layout-flow wp-block-column-is-layout-flow\">\n<div class=\"wp-block-buttons is-horizontal is-content-justification-left is-layout-flex wp-container-core-buttons-is-layout-20be11b6 wp-block-buttons-is-layout-flex\">\n<div class=\"wp-block-button\"><a class=\"wp-block-button__link wp-element-button\" href=\"https:\/\/www.reklameskolen.no\/barneskole\/reklame-i-hverdagen\/reklame-overalt\/i-butikken\/tekst\/\">Videre til &#8220;Tekst&#8221;<\/a><\/div>\n<\/div>\n<\/div>\n<\/div>\n<\/div>\n","protected":false},"excerpt":{"rendered":"<p>Her kan det ligge en forklarende tekst, men den b\u00f8r v\u00e6re veldig kort. Antakelig ikke noe s\u00e6rlig mer enn to linjer. Jaja, man kan jo f\u00e5 sagt en god del p\u00e5 to linjer. I hvert fall hvis man veit hva man driver med. Og det gj\u00f8re vi jo. I hvertfall litt&#8230;<\/p>\n","protected":false},"author":1,"featured_media":0,"parent":0,"menu_order":90,"comment_status":"closed","ping_status":"closed","template":"","meta":{"_acf_changed":false,"editor_notices":[],"footnotes":""},"class_list":["post-3551","page","type-page","status-publish","hentry"],"blocksy_meta":[],"acf":[],"yoast_head":"<!-- This site is optimized with the Yoast SEO plugin v25.9 - https:\/\/yoast.com\/wordpress\/plugins\/seo\/ -->\n<title>I butikken - Barneskole - Nynorsk<\/title>\n<meta name=\"robots\" content=\"index, follow, max-snippet:-1, max-image-preview:large, max-video-preview:-1\" \/>\n<link rel=\"canonical\" href=\"https:\/\/www.reklameskolen.no\/barneskole\/nn\/i-butikken\/\" \/>\n<meta property=\"og:locale\" content=\"nn_NO\" \/>\n<meta property=\"og:type\" content=\"article\" \/>\n<meta property=\"og:title\" content=\"I butikken - Barneskole - Nynorsk\" \/>\n<meta property=\"og:description\" content=\"Her kan det ligge en forklarende tekst, men den b\u00f8r v\u00e6re veldig kort. Antakelig ikke noe s\u00e6rlig mer enn to linjer. Jaja, man kan jo f\u00e5 sagt en god del p\u00e5 to linjer. I hvert fall hvis man veit hva man driver med. Og det gj\u00f8re vi jo. I hvertfall litt&#8230;\" \/>\n<meta property=\"og:url\" content=\"https:\/\/www.reklameskolen.no\/barneskole\/nn\/i-butikken\/\" \/>\n<meta property=\"og:site_name\" content=\"Barneskole - Nynorsk\" \/>\n<meta property=\"article:modified_time\" content=\"2023-07-27T12:48:22+00:00\" \/>\n<meta name=\"twitter:card\" content=\"summary_large_image\" \/>\n<script type=\"application\/ld+json\" class=\"yoast-schema-graph\">{\"@context\":\"https:\/\/schema.org\",\"@graph\":[{\"@type\":\"WebPage\",\"@id\":\"https:\/\/www.reklameskolen.no\/barneskole\/nn\/i-butikken\/\",\"url\":\"https:\/\/www.reklameskolen.no\/barneskole\/nn\/i-butikken\/\",\"name\":\"I butikken - Barneskole - Nynorsk\",\"isPartOf\":{\"@id\":\"https:\/\/www.reklameskolen.no\/barneskole\/nn\/#website\"},\"datePublished\":\"2023-04-26T16:44:38+00:00\",\"dateModified\":\"2023-07-27T12:48:22+00:00\",\"breadcrumb\":{\"@id\":\"https:\/\/www.reklameskolen.no\/barneskole\/nn\/i-butikken\/#breadcrumb\"},\"inLanguage\":\"nn-NO\",\"potentialAction\":[{\"@type\":\"ReadAction\",\"target\":[\"https:\/\/www.reklameskolen.no\/barneskole\/nn\/i-butikken\/\"]}]},{\"@type\":\"BreadcrumbList\",\"@id\":\"https:\/\/www.reklameskolen.no\/barneskole\/nn\/i-butikken\/#breadcrumb\",\"itemListElement\":[{\"@type\":\"ListItem\",\"position\":1,\"name\":\"Home\",\"item\":\"https:\/\/www.reklameskolen.no\/barneskole\/nn\/\"},{\"@type\":\"ListItem\",\"position\":2,\"name\":\"I butikken\"}]},{\"@type\":\"WebSite\",\"@id\":\"https:\/\/www.reklameskolen.no\/barneskole\/nn\/#website\",\"url\":\"https:\/\/www.reklameskolen.no\/barneskole\/nn\/\",\"name\":\"Barneskole - Nynorsk\",\"description\":\"Oppl\u00e6ringsverkt\u00f8y om reklame\",\"publisher\":{\"@id\":\"https:\/\/www.reklameskolen.no\/barneskole\/nn\/#organization\"},\"potentialAction\":[{\"@type\":\"SearchAction\",\"target\":{\"@type\":\"EntryPoint\",\"urlTemplate\":\"https:\/\/www.reklameskolen.no\/barneskole\/nn\/?s={search_term_string}\"},\"query-input\":{\"@type\":\"PropertyValueSpecification\",\"valueRequired\":true,\"valueName\":\"search_term_string\"}}],\"inLanguage\":\"nn-NO\"},{\"@type\":\"Organization\",\"@id\":\"https:\/\/www.reklameskolen.no\/barneskole\/nn\/#organization\",\"name\":\"Barneskole - Nynorsk\",\"url\":\"https:\/\/www.reklameskolen.no\/barneskole\/nn\/\",\"logo\":{\"@type\":\"ImageObject\",\"inLanguage\":\"nn-NO\",\"@id\":\"https:\/\/www.reklameskolen.no\/barneskole\/nn\/#\/schema\/logo\/image\/\",\"url\":\"https:\/\/www.reklameskolen.no\/wp-content\/uploads\/2023\/08\/Reklameskolen-Logo-01.png\",\"contentUrl\":\"https:\/\/www.reklameskolen.no\/wp-content\/uploads\/2023\/08\/Reklameskolen-Logo-01.png\",\"caption\":\"Barneskole - Nynorsk\"},\"image\":{\"@id\":\"https:\/\/www.reklameskolen.no\/barneskole\/nn\/#\/schema\/logo\/image\/\"}}]}<\/script>\n<!-- \/ Yoast SEO plugin. -->","yoast_head_json":{"title":"I butikken - Barneskole - Nynorsk","robots":{"index":"index","follow":"follow","max-snippet":"max-snippet:-1","max-image-preview":"max-image-preview:large","max-video-preview":"max-video-preview:-1"},"canonical":"https:\/\/www.reklameskolen.no\/barneskole\/nn\/i-butikken\/","og_locale":"nn_NO","og_type":"article","og_title":"I butikken - Barneskole - Nynorsk","og_description":"Her kan det ligge en forklarende tekst, men den b\u00f8r v\u00e6re veldig kort. Antakelig ikke noe s\u00e6rlig mer enn to linjer. Jaja, man kan jo f\u00e5 sagt en god del p\u00e5 to linjer. I hvert fall hvis man veit hva man driver med. Og det gj\u00f8re vi jo. I hvertfall litt&#8230;","og_url":"https:\/\/www.reklameskolen.no\/barneskole\/nn\/i-butikken\/","og_site_name":"Barneskole - Nynorsk","article_modified_time":"2023-07-27T12:48:22+00:00","twitter_card":"summary_large_image","schema":{"@context":"https:\/\/schema.org","@graph":[{"@type":"WebPage","@id":"https:\/\/www.reklameskolen.no\/barneskole\/nn\/i-butikken\/","url":"https:\/\/www.reklameskolen.no\/barneskole\/nn\/i-butikken\/","name":"I butikken - Barneskole - Nynorsk","isPartOf":{"@id":"https:\/\/www.reklameskolen.no\/barneskole\/nn\/#website"},"datePublished":"2023-04-26T16:44:38+00:00","dateModified":"2023-07-27T12:48:22+00:00","breadcrumb":{"@id":"https:\/\/www.reklameskolen.no\/barneskole\/nn\/i-butikken\/#breadcrumb"},"inLanguage":"nn-NO","potentialAction":[{"@type":"ReadAction","target":["https:\/\/www.reklameskolen.no\/barneskole\/nn\/i-butikken\/"]}]},{"@type":"BreadcrumbList","@id":"https:\/\/www.reklameskolen.no\/barneskole\/nn\/i-butikken\/#breadcrumb","itemListElement":[{"@type":"ListItem","position":1,"name":"Home","item":"https:\/\/www.reklameskolen.no\/barneskole\/nn\/"},{"@type":"ListItem","position":2,"name":"I butikken"}]},{"@type":"WebSite","@id":"https:\/\/www.reklameskolen.no\/barneskole\/nn\/#website","url":"https:\/\/www.reklameskolen.no\/barneskole\/nn\/","name":"Barneskole - Nynorsk","description":"Oppl\u00e6ringsverkt\u00f8y om reklame","publisher":{"@id":"https:\/\/www.reklameskolen.no\/barneskole\/nn\/#organization"},"potentialAction":[{"@type":"SearchAction","target":{"@type":"EntryPoint","urlTemplate":"https:\/\/www.reklameskolen.no\/barneskole\/nn\/?s={search_term_string}"},"query-input":{"@type":"PropertyValueSpecification","valueRequired":true,"valueName":"search_term_string"}}],"inLanguage":"nn-NO"},{"@type":"Organization","@id":"https:\/\/www.reklameskolen.no\/barneskole\/nn\/#organization","name":"Barneskole - Nynorsk","url":"https:\/\/www.reklameskolen.no\/barneskole\/nn\/","logo":{"@type":"ImageObject","inLanguage":"nn-NO","@id":"https:\/\/www.reklameskolen.no\/barneskole\/nn\/#\/schema\/logo\/image\/","url":"https:\/\/www.reklameskolen.no\/wp-content\/uploads\/2023\/08\/Reklameskolen-Logo-01.png","contentUrl":"https:\/\/www.reklameskolen.no\/wp-content\/uploads\/2023\/08\/Reklameskolen-Logo-01.png","caption":"Barneskole - Nynorsk"},"image":{"@id":"https:\/\/www.reklameskolen.no\/barneskole\/nn\/#\/schema\/logo\/image\/"}}]}},"_links":{"self":[{"href":"https:\/\/www.reklameskolen.no\/barneskole\/nn\/wp-json\/wp\/v2\/pages\/3551","targetHints":{"allow":["GET"]}}],"collection":[{"href":"https:\/\/www.reklameskolen.no\/barneskole\/nn\/wp-json\/wp\/v2\/pages"}],"about":[{"href":"https:\/\/www.reklameskolen.no\/barneskole\/nn\/wp-json\/wp\/v2\/types\/page"}],"author":[{"embeddable":true,"href":"https:\/\/www.reklameskolen.no\/barneskole\/nn\/wp-json\/wp\/v2\/users\/1"}],"replies":[{"embeddable":true,"href":"https:\/\/www.reklameskolen.no\/barneskole\/nn\/wp-json\/wp\/v2\/comments?post=3551"}],"version-history":[{"count":1,"href":"https:\/\/www.reklameskolen.no\/barneskole\/nn\/wp-json\/wp\/v2\/pages\/3551\/revisions"}],"predecessor-version":[{"id":4609,"href":"https:\/\/www.reklameskolen.no\/barneskole\/nn\/wp-json\/wp\/v2\/pages\/3551\/revisions\/4609"}],"wp:attachment":[{"href":"https:\/\/www.reklameskolen.no\/barneskole\/nn\/wp-json\/wp\/v2\/media?parent=3551"}],"curies":[{"name":"wp","href":"https:\/\/api.w.org\/{rel}","templated":true}]}}